{"id":18718,"date":"2020-09-07T09:02:27","date_gmt":"2020-09-07T07:02:27","guid":{"rendered":"https:\/\/www.geurtsheatexchangers.com\/?page_id=18718"},"modified":"2025-07-25T13:48:48","modified_gmt":"2025-07-25T11:48:48","slug":"products","status":"publish","type":"page","link":"https:\/\/www.geurtsheatexchangers.com\/fr\/products\/","title":{"rendered":"Produits"},"content":{"rendered":"<div class=\"wpb-content-wrapper\">[vc_row element_id=\u00a0\u00bb432682&Prime; css=\u00a0\u00bb.vc_custom_1597649818489{margin-top: 35px !important;margin-bottom: 35px !important;}\u00a0\u00bb][vc_column width=\u00a0\u00bb1\/2&Prime;][vc_column_text animation_delay=\u00a0\u00bb0&Prime; css=\u00a0\u00bb\u00a0\u00bb]\n<h1>PRODUITS<\/h1>\n<h2><strong>CONCEPTION DE PRODUITS POUR L\u2019\u00c9CHANGE DE CHALEUR ET LA R\u00c9CUP\u00c9RATION DE LA CHALEUR PERDUE<\/strong><\/h2>\n<p>L\u00e0 o\u00f9 nombre d\u2019industries avaient l\u2019habitude de ressentir la pression li\u00e9e \u00e0 l\u2019efficience op\u00e9rative et \u00e9conomique, la r\u00e9duction de l\u2019empreinte carbone est aujourd\u2019hui un facteur suppl\u00e9mentaire qui ne peut plus \u00eatre ignor\u00e9. Ceci demande une conception innovante des proc\u00e9d\u00e9s de production, des installations et des \u00e9quipements dans leur int\u00e9gralit\u00e9.<\/p>\n<h2><strong>SOLUTIONS SUR MESURE<\/strong><\/h2>\n<p>Geurts fournit toute une gamme d\u2019\u00e9changeurs de chaleur et de produits de r\u00e9cup\u00e9ration de la chaleur perdue pour r\u00e9g\u00e9n\u00e9rer de la chaleur et recycler l\u2019\u00e9nergie en \u00e9nergie renouvelable \u00e0 partir de diff\u00e9rents proc\u00e9d\u00e9s de production. Nos ing\u00e9nieurs exp\u00e9riment\u00e9s con\u00e7oivent des solutions sur mesure comprenant un \u00e9quipement pour haute pression (PED), pour temp\u00e9ratures de fluides extr\u00eamement \u00e9lev\u00e9es (liquides et gaz) ou pour des substances dangereuses qui demandent des applications complexes et sp\u00e9cialis\u00e9es.<\/p>\n<p>\u00c0 partir de notre site de production sur site, nous proposons une solution compl\u00e8te; des calculs li\u00e9s au transfert de chaleur et conception jusqu\u2019\u00e0 la production de votre\u00a0<strong>pr\u00e9chauffage d\u2019air<\/strong>\u00a0ou de votre\u00a0<strong>\u00e9changeur de chaleur<\/strong>\u00a0sp\u00e9cifique. Un contact unique pour une solution globale.[\/vc_column_text][\/vc_column][vc_column width=\u00a0\u00bb1\/2&Prime;][vc_single_image image=\u00a0\u00bb1800&Prime; img_size=\u00a0\u00bblarge\u00a0\u00bb alignment=\u00a0\u00bbcenter\u00a0\u00bb][\/vc_column][\/vc_row][vc_row element_id=\u00a0\u00bb736629&Prime; css=\u00a0\u00bb.vc_custom_1598513230266{margin-top: 35px !important;margin-bottom: 35px !important;}\u00a0\u00bb][vc_column animation_delay=\u00a0\u00bb0&Prime; element_id=\u00a0\u00bb966043&Prime; crp=\u00a0\u00bb480:i:i,480-768:i:i,768-1024:i:i,1024-1280:i:i,1280-1366:i:i,1366-1600:i:i,1600-1920:i:i\u00a0\u00bb][vc_row_inner][vc_column_inner width=\u00a0\u00bb1\/3&Prime;]<div id=\"et-image-1\" class=\"et-image et-image-box overlay-hover classic alignnone link\" ><a title=\"PR\u00c9CHAUFFEURS D\u2019AIR DE BATTERIE \u00c0 VAPEUR\" target=\"_self\" href=\"\/fr\/products\/prechauffages-dair-prechauffeurs-dair-de-batterie-a-vapeur\/\"><div class=\"post-image post-media\"><img decoding=\"async\" width=\"t\" height=\"t\" src=\"https:\/\/www.geurtsheatexchangers.com\/wp-content\/uploads\/2017\/03\/150520091198.jpg\" alt=\"PR\u00c9CHAUFFEURS D\u2019AIR DE BATTERIE \u00c0 VAPEUR\"><\/div><div class=\"post-body et-clearfix\"><div class=\"post-body-inner-wrap\"><div class=\"post-body-inner\"><h4 class=\"post-title entry-title\">PR\u00c9CHAUFFEURS D\u2019AIR DE BATTERIE \u00c0 VAPEUR<\/h4><\/div><\/div><\/div><\/a><\/div>[\/vc_column_inner][vc_column_inner width=\u00a0\u00bb1\/3&Prime;]<div id=\"et-image-2\" class=\"et-image et-image-box overlay-hover classic alignnone link\" ><a title=\"PR\u00c9CHAUFFEURS D\u2019AIR DE COMBUSTION\" target=\"_self\" href=\"\/fr\/products\/prechauffeurs-dair-de-combustion\/\"><div class=\"post-image post-media\"><img decoding=\"async\" width=\"t\" height=\"t\" src=\"https:\/\/www.geurtsheatexchangers.com\/wp-content\/uploads\/2017\/03\/APHGeurts66.jpg\" alt=\"PR\u00c9CHAUFFEURS D\u2019AIR DE COMBUSTION\"><\/div><div class=\"post-body et-clearfix\"><div class=\"post-body-inner-wrap\"><div class=\"post-body-inner\"><h4 class=\"post-title entry-title\">PR\u00c9CHAUFFEURS D\u2019AIR DE COMBUSTION<\/h4><\/div><\/div><\/div><\/a><\/div>[\/vc_column_inner][vc_column_inner width=\u00a0\u00bb1\/3&Prime;]<div id=\"et-image-3\" class=\"et-image et-image-box overlay-hover classic alignnone link\" ><a title=\"\u00c9CHANGEUR DE CHALEUR POUR GAZ DE COMBUSTION\" target=\"_self\" href=\"\/fr\/products\/echangeur-de-chaleur-pour-gaz-de-combustion\/\"><div class=\"post-image post-media\"><img decoding=\"async\" width=\"t\" height=\"t\" src=\"https:\/\/www.geurtsheatexchangers.com\/wp-content\/uploads\/2017\/03\/IMG_0322.jpg\" alt=\"\u00c9CHANGEUR DE CHALEUR POUR GAZ DE COMBUSTION\"><\/div><div class=\"post-body et-clearfix\"><div class=\"post-body-inner-wrap\"><div class=\"post-body-inner\"><h4 class=\"post-title entry-title\">\u00c9CHANGEUR DE CHALEUR POUR GAZ DE COMBUSTION<\/h4><\/div><\/div><\/div><\/a><\/div>[\/vc_column_inner][\/vc_row_inner][vc_row_inner element_id=\u00a0\u00bb14308&Prime;][vc_column_inner width=\u00a0\u00bb1\/3&Prime; css=\u00a0\u00bb.vc_custom_1598875502760{margin-bottom: 15px !important;}\u00a0\u00bb]<div id=\"et-image-4\" class=\"et-image et-image-box overlay-hover classic alignnone link\" ><a title=\"\u00c9CHANGEUR DE CHALEUR DE BIOCARBURANT\" target=\"_self\" href=\"\/fr\/products\/echangeur-de-chaleur-de-biocarburant\/\"><div class=\"post-image post-media\"><img decoding=\"async\" width=\"t\" height=\"t\" src=\"https:\/\/www.geurtsheatexchangers.com\/wp-content\/uploads\/2017\/03\/biofuel-heat-geurts6-e1490710231497.jpg\" alt=\"\u00c9CHANGEUR DE CHALEUR DE BIOCARBURANT\"><\/div><div class=\"post-body et-clearfix\"><div class=\"post-body-inner-wrap\"><div class=\"post-body-inner\"><h4 class=\"post-title entry-title\">\u00c9CHANGEUR DE CHALEUR DE BIOCARBURANT<\/h4><\/div><\/div><\/div><\/a><\/div>[\/vc_column_inner][vc_column_inner width=\u00a0\u00bb1\/3&Prime;]<div id=\"et-image-5\" class=\"et-image et-image-box overlay-hover classic alignnone link\" ><a title=\"\u00c9CHANGEUR DE CHALEUR TUBULAIRE\" target=\"_self\" href=\"\/fr\/products\/echangeur-de-chaleur-tubulaire\/\"><div class=\"post-image post-media\"><img decoding=\"async\" width=\"t\" height=\"t\" src=\"https:\/\/www.geurtsheatexchangers.com\/wp-content\/uploads\/2019\/02\/Tubular-steam-air-heat-exchangers.jpg\" alt=\"\u00c9CHANGEUR DE CHALEUR TUBULAIRE\"><\/div><div class=\"post-body et-clearfix\"><div class=\"post-body-inner-wrap\"><div class=\"post-body-inner\"><h4 class=\"post-title entry-title\">\u00c9CHANGEUR DE CHALEUR TUBULAIRE<\/h4><\/div><\/div><\/div><\/a><\/div>[\/vc_column_inner][vc_column_inner width=\u00a0\u00bb1\/3&Prime; css=\u00a0\u00bb.vc_custom_1598875508600{margin-bottom: 15px !important;}\u00a0\u00bb]<div id=\"et-image-6\" class=\"et-image et-image-box overlay-hover classic alignnone link\" ><a title=\"\u00c9CHANGEUR DE CHALEUR TUBES EN U\" target=\"_self\" href=\"\/fr\/products\/echangeur-de-chaleur-tubes-en-u\/\"><div class=\"post-image post-media\"><img decoding=\"async\" width=\"t\" height=\"t\" src=\"https:\/\/www.geurtsheatexchangers.com\/wp-content\/uploads\/2017\/03\/IMG_0371.jpg\" alt=\"\u00c9CHANGEUR DE CHALEUR TUBES EN U\"><\/div><div class=\"post-body et-clearfix\"><div class=\"post-body-inner-wrap\"><div class=\"post-body-inner\"><h4 class=\"post-title entry-title\">\u00c9CHANGEUR DE CHALEUR TUBES EN U<\/h4><\/div><\/div><\/div><\/a><\/div>[\/vc_column_inner][\/vc_row_inner][vc_row_inner element_id=\u00a0\u00bb14308&Prime;][vc_column_inner width=\u00a0\u00bb1\/3&Prime; css=\u00a0\u00bb.vc_custom_1598875502760{margin-bottom: 15px !important;}\u00a0\u00bb]<div id=\"et-image-7\" class=\"et-image et-image-box overlay-hover classic alignnone link\" ><a title=\"\u00c9CHANGEUR DE CHALEUR \u00c0 PLAQUES\" target=\"_self\" href=\"\/fr\/products\/echangeur-de-chaleur-a-plaques\/\"><div class=\"post-image post-media\"><img decoding=\"async\" width=\"t\" height=\"t\" src=\"https:\/\/www.geurtsheatexchangers.com\/wp-content\/uploads\/2017\/03\/shutterstock_269907119.jpg\" alt=\"\u00c9CHANGEUR DE CHALEUR \u00c0 PLAQUES\"><\/div><div class=\"post-body et-clearfix\"><div class=\"post-body-inner-wrap\"><div class=\"post-body-inner\"><h4 class=\"post-title entry-title\">\u00c9CHANGEUR DE CHALEUR \u00c0 PLAQUES<\/h4><\/div><\/div><\/div><\/a><\/div>[\/vc_column_inner][vc_column_inner width=\u00a0\u00bb1\/3&Prime;]<div id=\"et-image-8\" class=\"et-image et-image-box overlay-hover classic alignnone link\" ><a title=\"\u00c9CHANGEUR DE CHALEUR \u00c0 COQUE ET BOBINE\" target=\"_self\" href=\"\/fr\/products\/echangeur-de-chaleur-a-coque-et-bobine\/\"><div class=\"post-image post-media\"><img decoding=\"async\" width=\"t\" height=\"t\" src=\"https:\/\/www.geurtsheatexchangers.com\/wp-content\/uploads\/2017\/03\/coilshell-side.jpg\" alt=\"\u00c9CHANGEUR DE CHALEUR \u00c0 COQUE ET BOBINE\"><\/div><div class=\"post-body et-clearfix\"><div class=\"post-body-inner-wrap\"><div class=\"post-body-inner\"><h4 class=\"post-title entry-title\">\u00c9CHANGEUR DE CHALEUR \u00c0 COQUE ET BOBINE<\/h4><\/div><\/div><\/div><\/a><\/div>[\/vc_column_inner][vc_column_inner width=\u00a0\u00bb1\/3&Prime; css=\u00a0\u00bb.vc_custom_1598875508600{margin-bottom: 15px !important;}\u00a0\u00bb]<div id=\"et-image-9\" class=\"et-image et-image-box overlay-hover classic alignnone link\" ><a title=\"\u00c9CONOMISEUR\" target=\"_self\" href=\"\/fr\/products\/economiseur\/\"><div class=\"post-image post-media\"><img decoding=\"async\" width=\"t\" height=\"t\" src=\"https:\/\/www.geurtsheatexchangers.com\/wp-content\/uploads\/2017\/04\/2016-11-24-10.13edt.jpg\" alt=\"\u00c9CONOMISEUR\"><\/div><div class=\"post-body et-clearfix\"><div class=\"post-body-inner-wrap\"><div class=\"post-body-inner\"><h4 class=\"post-title entry-title\">\u00c9CONOMISEUR<\/h4><\/div><\/div><\/div><\/a><\/div>[\/vc_column_inner][\/vc_row_inner][\/vc_column][\/vc_row][vc_row disable_element=\u00a0\u00bbyes\u00a0\u00bb element_id=\u00a0\u00bb45803&Prime; css=\u00a0\u00bb.vc_custom_1599730045310{margin-top: 35px !important;margin-bottom: 35px !important;}\u00a0\u00bb][vc_column animation_delay=\u00a0\u00bb0&Prime; element_id=\u00a0\u00bb966043&Prime; crp=\u00a0\u00bb480:i:i,480-768:i:i,768-1024:i:i,1024-1280:i:i,1280-1366:i:i,1366-1600:i:i,1600-1920:i:i\u00a0\u00bb][vc_row_inner][vc_column_inner][vc_column_text animation_delay=\u00a0\u00bb0&Prime;]\n<h3><span class=\"breadcrumb_last\" aria-current=\"page\">PR\u00c9CHAUFFAGES D\u2019AIR<\/span><\/h3>\n<p><strong>Pr\u00e9chauffeur d\u2019air<\/strong>\u00a0ou en anglais\u00a0<strong>APH<\/strong>\u00a0pour \u00ab air preheater \u00bb, est le terme g\u00e9n\u00e9ral utilis\u00e9 pour d\u00e9signer les \u00e9quipements \u00e9changeurs de chaleur pour (pr\u00e9)chauffer une autre partie d\u2019un proc\u00e9d\u00e9 industriel. Avec les mod\u00e8les con\u00e7us et fabriqu\u00e9s par Geurts, votre installation r\u00e9cup\u00e9rera la chaleur qui serait autrement perdue et assimil\u00e9e aux d\u00e9chets, et augmentera l\u2019efficience thermique de l\u2019air de combustion n\u00e9cessaire ailleurs dans le proc\u00e9d\u00e9.<\/p>\n<p>Lors de la conception d\u2019un syst\u00e8me de pr\u00e9chauffage d\u2019air pour r\u00e9pondre \u00e0 vos demandes sp\u00e9cifiques, nous pr\u00e9f\u00e9rons \u00eatre int\u00e9gr\u00e9s au plus t\u00f4t dans le processus, de mani\u00e8re \u00e0 pouvoir \u00e9valuer les conditions telles que la corrosivit\u00e9, les temp\u00e9ratures et les pressions faibles ou \u00e9lev\u00e9es. C\u2019est seulement de cette fa\u00e7on que nous pourrons concevoir et construire un syst\u00e8me de chauffage d\u2019air pouvant r\u00e9cup\u00e9rer la chaleur et entra\u00eenant:<\/p>\n<p>\u2022 une am\u00e9lioration des r\u00e9sultats de l\u2019installation du proc\u00e9d\u00e9<br \/>\n\u2022 une r\u00e9duction des odeurs<br \/>\n\u2022 une r\u00e9duction de l\u2019impact sur l\u2019environnement en utilisant une \u00e9nergie renouvelable<br \/>\n\u2022 une r\u00e9duction de la consommation d\u2019\u00e9nergie<br \/>\n\u2022 une r\u00e9duction des co\u00fbts[\/vc_column_text]<span class=\"et-gap et-clearfix et-gap-493005\"><\/span>[\/vc_column_inner][\/vc_row_inner][vc_row_inner][vc_column_inner][vc_column_text animation_delay=\u00a0\u00bb0&Prime;]\n<h3>\u00c9CHANGEUR DE CHALEUR<\/h3>\n<p>Trouver l\u2019<strong>\u00e9changeur de chaleur<\/strong>\u00a0optimal pour votre application n\u2019est pas chose ais\u00e9e. Chez Geurts, nous connaissons les exigences s\u2019appliquant aux \u00e9changeurs de chaleur, car nous en avons fourni \u00e0 plusieurs industries innovantes et en pleine croissance depuis plus de 50 ans. Et plus que souvent, la version standard n\u2019est pas une option.<\/p>\n<p>Lors de la conception d\u2019un \u00e9changeur de chaleur pour r\u00e9pondre \u00e0 vos demandes sp\u00e9cifiques, nous pr\u00e9f\u00e9rons \u00eatre int\u00e9gr\u00e9s dans le processus d\u00e8s le d\u00e9but de mani\u00e8re \u00e0 pouvoir \u00e9valuer les conditions telles que la corrosivit\u00e9, les temp\u00e9ratures, les mat\u00e9riaux, l\u2019encrassement de l\u2019\u00e9changeur de chaleur et l\u2019espace n\u00e9cessaire. C\u2019est uniquement ainsi que nous pourrons concevoir et construire un \u00e9changeur de chaleur pouvant optimiser le transfert de chaleur, entra\u00eenant:<\/p>\n<p>\u2022 des r\u00e9sultats am\u00e9lior\u00e9s de l\u2019installation du proc\u00e9d\u00e9<br \/>\n\u2022 une r\u00e9duction des odeurs<br \/>\n\u2022 une r\u00e9duction des \u00e9missions de CO2<br \/>\n\u2022 une r\u00e9duction de la consommation d\u2019\u00e9nergie<br \/>\n\u2022 une r\u00e9duction des co\u00fbts[\/vc_column_text]<span class=\"et-gap et-clearfix et-gap-493005\"><\/span>[\/vc_column_inner][\/vc_row_inner][\/vc_column][\/vc_row]\n<\/div>","protected":false},"excerpt":{"rendered":"<p>[vc_row element_id=\u00a0\u00bb432682&Prime; css=\u00a0\u00bb.vc_custom_1597649818489{margin-top: 35px !important;margin-bottom: 35px !important;}\u00a0\u00bb][vc_column width=\u00a0\u00bb1\/2&Prime;][vc_column_text animation_delay=\u00a0\u00bb0&Prime; css=\u00a0\u00bb\u00a0\u00bb] PRODUITS CONCEPTION DE PRODUITS POUR L\u2019\u00c9CHANGE DE CHALEUR ET LA R\u00c9CUP\u00c9RATION DE LA CHALEUR PERDUE L\u00e0 o\u00f9 nombre d\u2019industries avaient l\u2019habitude de ressentir la pression li\u00e9e \u00e0 l\u2019efficience op\u00e9rative et \u00e9conomique, la r\u00e9duction de l\u2019empreinte carbone est aujourd\u2019hui un facteur suppl\u00e9mentaire qui ne peut plus [&hellip;]<\/p>\n","protected":false},"author":9,"featured_media":1579,"parent":0,"menu_order":0,"comment_status":"closed","ping_status":"closed","template":"","meta":{"_acf_changed":false,"inline_featured_image":false,"footnotes":""},"class_list":["post-18718","page","type-page","status-publish","has-post-thumbnail","hentry"],"acf":[],"yoast_head":"<!-- This site is optimized with the Yoast SEO plugin v27.5 - https:\/\/yoast.com\/product\/yoast-seo-wordpress\/ -->\n<title>\u00c9changeurs de chaleur - Geurts Heat Exchangers<\/title>\n<meta name=\"description\" content=\"Geurts con\u00e7oit, fabrique et livre des produits pour l\u2019\u00e9change de chaleur et la r\u00e9cup\u00e9ration de la chaleur perdue.\" \/>\n<meta name=\"robots\" content=\"index, follow, max-snippet:-1, max-image-preview:large, max-video-preview:-1\" \/>\n<link rel=\"canonical\" href=\"https:\/\/www.geurtsheatexchangers.com\/fr\/products\/\" \/>\n<meta property=\"og:locale\" content=\"fr_FR\" \/>\n<meta property=\"og:type\" content=\"article\" \/>\n<meta property=\"og:title\" content=\"\u00c9changeurs de chaleur - Geurts Heat Exchangers\" \/>\n<meta property=\"og:description\" content=\"Geurts con\u00e7oit, fabrique et livre des produits pour l\u2019\u00e9change de chaleur et la r\u00e9cup\u00e9ration de la chaleur perdue.\" \/>\n<meta property=\"og:url\" content=\"https:\/\/www.geurtsheatexchangers.com\/fr\/products\/\" \/>\n<meta property=\"og:site_name\" content=\"Geurts Heat Exchangers\" \/>\n<meta property=\"article:modified_time\" content=\"2025-07-25T11:48:48+00:00\" \/>\n<meta property=\"og:image\" content=\"https:\/\/www.geurtsheatexchangers.com\/wp-content\/uploads\/2018\/02\/tubular-heat-exchanger-toluene-evaporator.jpg\" \/>\n\t<meta property=\"og:image:width\" content=\"2362\" \/>\n\t<meta property=\"og:image:height\" content=\"1575\" \/>\n\t<meta property=\"og:image:type\" content=\"image\/jpeg\" \/>\n<meta name=\"twitter:card\" content=\"summary_large_image\" \/>\n<meta name=\"twitter:label1\" content=\"Dur\u00e9e de lecture estim\u00e9e\" \/>\n\t<meta name=\"twitter:data1\" content=\"5 minutes\" \/>\n<script type=\"application\/ld+json\" class=\"yoast-schema-graph\">{\"@context\":\"https:\\\/\\\/schema.org\",\"@graph\":[{\"@type\":\"WebPage\",\"@id\":\"https:\\\/\\\/www.geurtsheatexchangers.com\\\/fr\\\/products\\\/\",\"url\":\"https:\\\/\\\/www.geurtsheatexchangers.com\\\/fr\\\/products\\\/\",\"name\":\"\u00c9changeurs de chaleur - Geurts Heat Exchangers\",\"isPartOf\":{\"@id\":\"https:\\\/\\\/www.geurtsheatexchangers.com\\\/fr\\\/#website\"},\"primaryImageOfPage\":{\"@id\":\"https:\\\/\\\/www.geurtsheatexchangers.com\\\/fr\\\/products\\\/#primaryimage\"},\"image\":{\"@id\":\"https:\\\/\\\/www.geurtsheatexchangers.com\\\/fr\\\/products\\\/#primaryimage\"},\"thumbnailUrl\":\"https:\\\/\\\/www.geurtsheatexchangers.com\\\/wp-content\\\/uploads\\\/2018\\\/02\\\/tubular-heat-exchanger-toluene-evaporator.jpg\",\"datePublished\":\"2020-09-07T07:02:27+00:00\",\"dateModified\":\"2025-07-25T11:48:48+00:00\",\"description\":\"Geurts con\u00e7oit, fabrique et livre des produits pour l\u2019\u00e9change de chaleur et la r\u00e9cup\u00e9ration de la chaleur perdue.\",\"breadcrumb\":{\"@id\":\"https:\\\/\\\/www.geurtsheatexchangers.com\\\/fr\\\/products\\\/#breadcrumb\"},\"inLanguage\":\"fr-FR\",\"potentialAction\":[{\"@type\":\"ReadAction\",\"target\":[\"https:\\\/\\\/www.geurtsheatexchangers.com\\\/fr\\\/products\\\/\"]}]},{\"@type\":\"ImageObject\",\"inLanguage\":\"fr-FR\",\"@id\":\"https:\\\/\\\/www.geurtsheatexchangers.com\\\/fr\\\/products\\\/#primaryimage\",\"url\":\"https:\\\/\\\/www.geurtsheatexchangers.com\\\/wp-content\\\/uploads\\\/2018\\\/02\\\/tubular-heat-exchanger-toluene-evaporator.jpg\",\"contentUrl\":\"https:\\\/\\\/www.geurtsheatexchangers.com\\\/wp-content\\\/uploads\\\/2018\\\/02\\\/tubular-heat-exchanger-toluene-evaporator.jpg\",\"width\":2362,\"height\":1575,\"caption\":\"\u00e9changeur de chaleur tubulaire - \u00e9vaporateur de tolu\u00e8ne\"},{\"@type\":\"BreadcrumbList\",\"@id\":\"https:\\\/\\\/www.geurtsheatexchangers.com\\\/fr\\\/products\\\/#breadcrumb\",\"itemListElement\":[{\"@type\":\"ListItem\",\"position\":1,\"name\":\"Home\",\"item\":\"https:\\\/\\\/www.geurtsheatexchangers.com\\\/fr\\\/\"},{\"@type\":\"ListItem\",\"position\":2,\"name\":\"Produits\"}]},{\"@type\":\"WebSite\",\"@id\":\"https:\\\/\\\/www.geurtsheatexchangers.com\\\/fr\\\/#website\",\"url\":\"https:\\\/\\\/www.geurtsheatexchangers.com\\\/fr\\\/\",\"name\":\"Geurts Heat Exchangers\",\"description\":\"Take control of your energy\",\"publisher\":{\"@id\":\"https:\\\/\\\/www.geurtsheatexchangers.com\\\/fr\\\/#organization\"},\"potentialAction\":[{\"@type\":\"SearchAction\",\"target\":{\"@type\":\"EntryPoint\",\"urlTemplate\":\"https:\\\/\\\/www.geurtsheatexchangers.com\\\/fr\\\/?s={search_term_string}\"},\"query-input\":{\"@type\":\"PropertyValueSpecification\",\"valueRequired\":true,\"valueName\":\"search_term_string\"}}],\"inLanguage\":\"fr-FR\"},{\"@type\":\"Organization\",\"@id\":\"https:\\\/\\\/www.geurtsheatexchangers.com\\\/fr\\\/#organization\",\"name\":\"Geurts Heatexchangers B.V.\",\"url\":\"https:\\\/\\\/www.geurtsheatexchangers.com\\\/fr\\\/\",\"logo\":{\"@type\":\"ImageObject\",\"inLanguage\":\"fr-FR\",\"@id\":\"https:\\\/\\\/www.geurtsheatexchangers.com\\\/fr\\\/#\\\/schema\\\/logo\\\/image\\\/\",\"url\":\"https:\\\/\\\/www.geurtsheatexchangers.com\\\/wp-content\\\/uploads\\\/2020\\\/08\\\/Logo-geurts.png\",\"contentUrl\":\"https:\\\/\\\/www.geurtsheatexchangers.com\\\/wp-content\\\/uploads\\\/2020\\\/08\\\/Logo-geurts.png\",\"width\":360,\"height\":263,\"caption\":\"Geurts Heatexchangers B.V.\"},\"image\":{\"@id\":\"https:\\\/\\\/www.geurtsheatexchangers.com\\\/fr\\\/#\\\/schema\\\/logo\\\/image\\\/\"},\"sameAs\":[\"https:\\\/\\\/www.linkedin.com\\\/company\\\/geurts-heatexchange\\\/\"]}]}<\/script>\n<!-- \/ Yoast SEO plugin. -->","yoast_head_json":{"title":"\u00c9changeurs de chaleur - Geurts Heat Exchangers","description":"Geurts con\u00e7oit, fabrique et livre des produits pour l\u2019\u00e9change de chaleur et la r\u00e9cup\u00e9ration de la chaleur perdue.","robots":{"index":"index","follow":"follow","max-snippet":"max-snippet:-1","max-image-preview":"max-image-preview:large","max-video-preview":"max-video-preview:-1"},"canonical":"https:\/\/www.geurtsheatexchangers.com\/fr\/products\/","og_locale":"fr_FR","og_type":"article","og_title":"\u00c9changeurs de chaleur - Geurts Heat Exchangers","og_description":"Geurts con\u00e7oit, fabrique et livre des produits pour l\u2019\u00e9change de chaleur et la r\u00e9cup\u00e9ration de la chaleur perdue.","og_url":"https:\/\/www.geurtsheatexchangers.com\/fr\/products\/","og_site_name":"Geurts Heat Exchangers","article_modified_time":"2025-07-25T11:48:48+00:00","og_image":[{"width":2362,"height":1575,"url":"https:\/\/www.geurtsheatexchangers.com\/wp-content\/uploads\/2018\/02\/tubular-heat-exchanger-toluene-evaporator.jpg","type":"image\/jpeg"}],"twitter_card":"summary_large_image","twitter_misc":{"Dur\u00e9e de lecture estim\u00e9e":"5 minutes"},"schema":{"@context":"https:\/\/schema.org","@graph":[{"@type":"WebPage","@id":"https:\/\/www.geurtsheatexchangers.com\/fr\/products\/","url":"https:\/\/www.geurtsheatexchangers.com\/fr\/products\/","name":"\u00c9changeurs de chaleur - Geurts Heat Exchangers","isPartOf":{"@id":"https:\/\/www.geurtsheatexchangers.com\/fr\/#website"},"primaryImageOfPage":{"@id":"https:\/\/www.geurtsheatexchangers.com\/fr\/products\/#primaryimage"},"image":{"@id":"https:\/\/www.geurtsheatexchangers.com\/fr\/products\/#primaryimage"},"thumbnailUrl":"https:\/\/www.geurtsheatexchangers.com\/wp-content\/uploads\/2018\/02\/tubular-heat-exchanger-toluene-evaporator.jpg","datePublished":"2020-09-07T07:02:27+00:00","dateModified":"2025-07-25T11:48:48+00:00","description":"Geurts con\u00e7oit, fabrique et livre des produits pour l\u2019\u00e9change de chaleur et la r\u00e9cup\u00e9ration de la chaleur perdue.","breadcrumb":{"@id":"https:\/\/www.geurtsheatexchangers.com\/fr\/products\/#breadcrumb"},"inLanguage":"fr-FR","potentialAction":[{"@type":"ReadAction","target":["https:\/\/www.geurtsheatexchangers.com\/fr\/products\/"]}]},{"@type":"ImageObject","inLanguage":"fr-FR","@id":"https:\/\/www.geurtsheatexchangers.com\/fr\/products\/#primaryimage","url":"https:\/\/www.geurtsheatexchangers.com\/wp-content\/uploads\/2018\/02\/tubular-heat-exchanger-toluene-evaporator.jpg","contentUrl":"https:\/\/www.geurtsheatexchangers.com\/wp-content\/uploads\/2018\/02\/tubular-heat-exchanger-toluene-evaporator.jpg","width":2362,"height":1575,"caption":"\u00e9changeur de chaleur tubulaire - \u00e9vaporateur de tolu\u00e8ne"},{"@type":"BreadcrumbList","@id":"https:\/\/www.geurtsheatexchangers.com\/fr\/products\/#breadcrumb","itemListElement":[{"@type":"ListItem","position":1,"name":"Home","item":"https:\/\/www.geurtsheatexchangers.com\/fr\/"},{"@type":"ListItem","position":2,"name":"Produits"}]},{"@type":"WebSite","@id":"https:\/\/www.geurtsheatexchangers.com\/fr\/#website","url":"https:\/\/www.geurtsheatexchangers.com\/fr\/","name":"Geurts Heat Exchangers","description":"Take control of your energy","publisher":{"@id":"https:\/\/www.geurtsheatexchangers.com\/fr\/#organization"},"potentialAction":[{"@type":"SearchAction","target":{"@type":"EntryPoint","urlTemplate":"https:\/\/www.geurtsheatexchangers.com\/fr\/?s={search_term_string}"},"query-input":{"@type":"PropertyValueSpecification","valueRequired":true,"valueName":"search_term_string"}}],"inLanguage":"fr-FR"},{"@type":"Organization","@id":"https:\/\/www.geurtsheatexchangers.com\/fr\/#organization","name":"Geurts Heatexchangers B.V.","url":"https:\/\/www.geurtsheatexchangers.com\/fr\/","logo":{"@type":"ImageObject","inLanguage":"fr-FR","@id":"https:\/\/www.geurtsheatexchangers.com\/fr\/#\/schema\/logo\/image\/","url":"https:\/\/www.geurtsheatexchangers.com\/wp-content\/uploads\/2020\/08\/Logo-geurts.png","contentUrl":"https:\/\/www.geurtsheatexchangers.com\/wp-content\/uploads\/2020\/08\/Logo-geurts.png","width":360,"height":263,"caption":"Geurts Heatexchangers B.V."},"image":{"@id":"https:\/\/www.geurtsheatexchangers.com\/fr\/#\/schema\/logo\/image\/"},"sameAs":["https:\/\/www.linkedin.com\/company\/geurts-heatexchange\/"]}]}},"_links":{"self":[{"href":"https:\/\/www.geurtsheatexchangers.com\/fr\/wp-json\/wp\/v2\/pages\/18718","targetHints":{"allow":["GET"]}}],"collection":[{"href":"https:\/\/www.geurtsheatexchangers.com\/fr\/wp-json\/wp\/v2\/pages"}],"about":[{"href":"https:\/\/www.geurtsheatexchangers.com\/fr\/wp-json\/wp\/v2\/types\/page"}],"author":[{"embeddable":true,"href":"https:\/\/www.geurtsheatexchangers.com\/fr\/wp-json\/wp\/v2\/users\/9"}],"replies":[{"embeddable":true,"href":"https:\/\/www.geurtsheatexchangers.com\/fr\/wp-json\/wp\/v2\/comments?post=18718"}],"version-history":[{"count":12,"href":"https:\/\/www.geurtsheatexchangers.com\/fr\/wp-json\/wp\/v2\/pages\/18718\/revisions"}],"predecessor-version":[{"id":20482,"href":"https:\/\/www.geurtsheatexchangers.com\/fr\/wp-json\/wp\/v2\/pages\/18718\/revisions\/20482"}],"wp:featuredmedia":[{"embeddable":true,"href":"https:\/\/www.geurtsheatexchangers.com\/fr\/wp-json\/wp\/v2\/media\/1579"}],"wp:attachment":[{"href":"https:\/\/www.geurtsheatexchangers.com\/fr\/wp-json\/wp\/v2\/media?parent=18718"}],"curies":[{"name":"wp","href":"https:\/\/api.w.org\/{rel}","templated":true}]}}