{"id":1623,"date":"2017-03-02T11:13:01","date_gmt":"2017-03-02T10:13:01","guid":{"rendered":"https:\/\/www.geurtsheatexchangers.com\/jobs\/"},"modified":"2025-11-07T15:30:06","modified_gmt":"2025-11-07T14:30:06","slug":"carriere","status":"publish","type":"page","link":"https:\/\/www.geurtsheatexchangers.com\/fr\/carriere\/","title":{"rendered":"Carri\u00e8re"},"content":{"rendered":"<div class=\"wpb-content-wrapper\">[vc_row gap=\u00a0\u00bb0&Prime; element_id=\u00a0\u00bb683409&Prime; css=\u00a0\u00bb.vc_custom_1756117419130{margin-bottom: 25px !important;background-color: #0F145B1A !important;border-color: rgba(15,20,91,0.1) !important;}\u00a0\u00bb el_class=\u00a0\u00bbbackblock\u00a0\u00bb][vc_column animation_delay=\u00a0\u00bb0&Prime; element_id=\u00a0\u00bb127463&Prime; crp=\u00a0\u00bb480:i:i,480-768:i:i,768-1024:i:i,1024-1280:i:i,1280-1366:i:i,1366-1600:i:i,1600-1920:i:i\u00a0\u00bb][vc_row_inner content_placement=\u00a0\u00bbmiddle\u00a0\u00bb element_id=\u00a0\u00bb179935&Prime;][vc_column_inner width=\u00a0\u00bb1\/2&Prime; css=\u00a0\u00bb.vc_custom_1756117459894{padding-top: 40px !important;padding-right: 20px !important;padding-bottom: 40px !important;padding-left: 40px !important;}\u00a0\u00bb][vc_column_text animation_delay=\u00a0\u00bb150&Prime; css_animation=\u00a0\u00bbnone\u00a0\u00bb css=\u00a0\u00bb\u00a0\u00bb]\n<h1><b>Travailler chez Geurts Heatexchangers B.V.<\/b><\/h1>\n<p><span style=\"font-weight: 400;\">Chez Geurts Heatexchangers B.V., nous concevons et fabriquons des \u00e9changeurs de chaleur de haute qualit\u00e9 pour des applications industrielles dans le monde entier \u2013 de la (p\u00e9tro)chimie \u00e0 l&rsquo;incin\u00e9ration des d\u00e9chets et aux biocarburants. En tant que membre de Heilig Group, vous collaborerez avec plus de 400 coll\u00e8gues sur des solutions intelligentes de r\u00e9cup\u00e9ration d\u2019\u00e9nergie. Vous rejoindrez une \u00e9quipe intern<\/span>[\/vc_column_text]<span class=\"et-gap et-clearfix et-gap-917670\"><\/span><a id=\"et-button-466183\" class=\"et-button icon-position-left modal-false small hover-none click-none\" target=\"_blank\" href=\"https:\/\/www.heilig-group.com\/fr\/emplois\/\" data-animation-delay=\"0\" data-parallax=\"false\" data-move=\"false\" data-coordinatex=\"0\" data-coordinatey=\"0\" data-speed=\"10\"><span class=\"hover\"><\/span><span class=\"regular\"><\/span><span class=\"text\">EMPLOIS<\/span><\/a>[\/vc_column_inner][vc_column_inner width=\u00a0\u00bb1\/2&Prime;]<div id=\"et-image-441816\" class=\"et-image aligncenter curtain-left\" data-curtain=\"false\" data-animation-delay=\"0\" data-parallax=\"false\" data-move=\"false\" data-coordinatex=\"0\" data-coordinatey=\"0\" data-speed=\"10\"><img decoding=\"async\" width=\"t\" height=\"t\" src=\"https:\/\/www.geurtsheatexchangers.com\/wp-content\/uploads\/2020\/08\/Heilig_Team_vrijstaand.png\" alt=\"Geurts Heat Exchangers\"><\/div>[\/vc_column_inner][\/vc_row_inner][\/vc_column][\/vc_row]\n<\/div>","protected":false},"excerpt":{"rendered":"<p>[vc_row gap=\u00a0\u00bb0&Prime; element_id=\u00a0\u00bb683409&Prime; css=\u00a0\u00bb.vc_custom_1756117419130{margin-bottom: 25px !important;background-color: #0F145B1A !important;border-color: rgba(15,20,91,0.1) !important;}\u00a0\u00bb el_class=\u00a0\u00bbbackblock\u00a0\u00bb][vc_column animation_delay=\u00a0\u00bb0&Prime; element_id=\u00a0\u00bb127463&Prime; crp=\u00a0\u00bb480:i:i,480-768:i:i,768-1024:i:i,1024-1280:i:i,1280-1366:i:i,1366-1600:i:i,1600-1920:i:i\u00a0\u00bb][vc_row_inner content_placement=\u00a0\u00bbmiddle\u00a0\u00bb element_id=\u00a0\u00bb179935&Prime;][vc_column_inner width=\u00a0\u00bb1\/2&Prime; css=\u00a0\u00bb.vc_custom_1756117459894{padding-top: 40px !important;padding-right: 20px !important;padding-bottom: 40px !important;padding-left: 40px !important;}\u00a0\u00bb][vc_column_text animation_delay=\u00a0\u00bb150&Prime; css_animation=\u00a0\u00bbnone\u00a0\u00bb css=\u00a0\u00bb\u00a0\u00bb] Travailler chez Geurts Heatexchangers B.V. Chez Geurts Heatexchangers B.V., nous concevons et fabriquons des \u00e9changeurs de chaleur de haute qualit\u00e9 pour des applications industrielles dans le [&hellip;]<\/p>\n","protected":false},"author":9,"featured_media":1393,"parent":0,"menu_order":0,"comment_status":"closed","ping_status":"closed","template":"","meta":{"_acf_changed":false,"inline_featured_image":false,"footnotes":""},"class_list":["post-1623","page","type-page","status-publish","has-post-thumbnail","hentry"],"acf":[],"yoast_head":"<!-- This site is optimized with the Yoast SEO plugin v27.5 - https:\/\/yoast.com\/product\/yoast-seo-wordpress\/ -->\n<title>Jobs - Geurts<\/title>\n<meta name=\"robots\" content=\"index, follow, max-snippet:-1, max-image-preview:large, max-video-preview:-1\" \/>\n<link rel=\"canonical\" href=\"https:\/\/www.geurtsheatexchangers.com\/fr\/carriere\/\" \/>\n<meta property=\"og:locale\" content=\"fr_FR\" \/>\n<meta property=\"og:type\" content=\"article\" \/>\n<meta property=\"og:title\" content=\"Jobs - Geurts\" \/>\n<meta property=\"og:description\" content=\"[vc_row gap=\u00a0\u00bb0&Prime; element_id=\u00a0\u00bb683409&Prime; css=\u00a0\u00bb.vc_custom_1756117419130{margin-bottom: 25px !important;background-color: #0F145B1A !important;border-color: rgba(15,20,91,0.1) !important;}\u00a0\u00bb el_class=\u00a0\u00bbbackblock\u00a0\u00bb][vc_column animation_delay=\u00a0\u00bb0&Prime; element_id=\u00a0\u00bb127463&Prime; crp=\u00a0\u00bb480:i:i,480-768:i:i,768-1024:i:i,1024-1280:i:i,1280-1366:i:i,1366-1600:i:i,1600-1920:i:i\u00a0\u00bb][vc_row_inner content_placement=\u00a0\u00bbmiddle\u00a0\u00bb element_id=\u00a0\u00bb179935&Prime;][vc_column_inner width=\u00a0\u00bb1\/2&Prime; css=\u00a0\u00bb.vc_custom_1756117459894{padding-top: 40px !important;padding-right: 20px !important;padding-bottom: 40px !important;padding-left: 40px !important;}\u00a0\u00bb][vc_column_text animation_delay=\u00a0\u00bb150&Prime; css_animation=\u00a0\u00bbnone\u00a0\u00bb css=\u00a0\u00bb\u00a0\u00bb] Travailler chez Geurts Heatexchangers B.V. Chez Geurts Heatexchangers B.V., nous concevons et fabriquons des \u00e9changeurs de chaleur de haute qualit\u00e9 pour des applications industrielles dans le [&hellip;]\" \/>\n<meta property=\"og:url\" content=\"https:\/\/www.geurtsheatexchangers.com\/fr\/carriere\/\" \/>\n<meta property=\"og:site_name\" content=\"Geurts Heat Exchangers\" \/>\n<meta property=\"article:modified_time\" content=\"2025-11-07T14:30:06+00:00\" \/>\n<meta property=\"og:image\" content=\"https:\/\/www.geurtsheatexchangers.com\/wp-content\/uploads\/2017\/03\/DSC00027.jpg\" \/>\n\t<meta property=\"og:image:width\" content=\"1019\" \/>\n\t<meta property=\"og:image:height\" content=\"764\" \/>\n\t<meta property=\"og:image:type\" content=\"image\/jpeg\" \/>\n<meta name=\"twitter:card\" content=\"summary_large_image\" \/>\n<meta name=\"twitter:label1\" content=\"Dur\u00e9e de lecture estim\u00e9e\" \/>\n\t<meta name=\"twitter:data1\" content=\"1 minute\" \/>\n<script type=\"application\/ld+json\" class=\"yoast-schema-graph\">{\"@context\":\"https:\\\/\\\/schema.org\",\"@graph\":[{\"@type\":\"WebPage\",\"@id\":\"https:\\\/\\\/www.geurtsheatexchangers.com\\\/fr\\\/carriere\\\/\",\"url\":\"https:\\\/\\\/www.geurtsheatexchangers.com\\\/fr\\\/carriere\\\/\",\"name\":\"Jobs - Geurts\",\"isPartOf\":{\"@id\":\"https:\\\/\\\/www.geurtsheatexchangers.com\\\/fr\\\/#website\"},\"primaryImageOfPage\":{\"@id\":\"https:\\\/\\\/www.geurtsheatexchangers.com\\\/fr\\\/carriere\\\/#primaryimage\"},\"image\":{\"@id\":\"https:\\\/\\\/www.geurtsheatexchangers.com\\\/fr\\\/carriere\\\/#primaryimage\"},\"thumbnailUrl\":\"https:\\\/\\\/www.geurtsheatexchangers.com\\\/wp-content\\\/uploads\\\/2017\\\/03\\\/DSC00027.jpg\",\"datePublished\":\"2017-03-02T10:13:01+00:00\",\"dateModified\":\"2025-11-07T14:30:06+00:00\",\"breadcrumb\":{\"@id\":\"https:\\\/\\\/www.geurtsheatexchangers.com\\\/fr\\\/carriere\\\/#breadcrumb\"},\"inLanguage\":\"fr-FR\",\"potentialAction\":[{\"@type\":\"ReadAction\",\"target\":[\"https:\\\/\\\/www.geurtsheatexchangers.com\\\/fr\\\/carriere\\\/\"]}]},{\"@type\":\"ImageObject\",\"inLanguage\":\"fr-FR\",\"@id\":\"https:\\\/\\\/www.geurtsheatexchangers.com\\\/fr\\\/carriere\\\/#primaryimage\",\"url\":\"https:\\\/\\\/www.geurtsheatexchangers.com\\\/wp-content\\\/uploads\\\/2017\\\/03\\\/DSC00027.jpg\",\"contentUrl\":\"https:\\\/\\\/www.geurtsheatexchangers.com\\\/wp-content\\\/uploads\\\/2017\\\/03\\\/DSC00027.jpg\",\"width\":1019,\"height\":764,\"caption\":\"\u00c9changeurs de chaleur \u00e0 calandre et \u00e0 tubes\"},{\"@type\":\"BreadcrumbList\",\"@id\":\"https:\\\/\\\/www.geurtsheatexchangers.com\\\/fr\\\/carriere\\\/#breadcrumb\",\"itemListElement\":[{\"@type\":\"ListItem\",\"position\":1,\"name\":\"Home\",\"item\":\"https:\\\/\\\/www.geurtsheatexchangers.com\\\/fr\\\/\"},{\"@type\":\"ListItem\",\"position\":2,\"name\":\"Carri\u00e8re\"}]},{\"@type\":\"WebSite\",\"@id\":\"https:\\\/\\\/www.geurtsheatexchangers.com\\\/fr\\\/#website\",\"url\":\"https:\\\/\\\/www.geurtsheatexchangers.com\\\/fr\\\/\",\"name\":\"Geurts Heat Exchangers\",\"description\":\"Take control of your energy\",\"publisher\":{\"@id\":\"https:\\\/\\\/www.geurtsheatexchangers.com\\\/fr\\\/#organization\"},\"potentialAction\":[{\"@type\":\"SearchAction\",\"target\":{\"@type\":\"EntryPoint\",\"urlTemplate\":\"https:\\\/\\\/www.geurtsheatexchangers.com\\\/fr\\\/?s={search_term_string}\"},\"query-input\":{\"@type\":\"PropertyValueSpecification\",\"valueRequired\":true,\"valueName\":\"search_term_string\"}}],\"inLanguage\":\"fr-FR\"},{\"@type\":\"Organization\",\"@id\":\"https:\\\/\\\/www.geurtsheatexchangers.com\\\/fr\\\/#organization\",\"name\":\"Geurts Heatexchangers B.V.\",\"url\":\"https:\\\/\\\/www.geurtsheatexchangers.com\\\/fr\\\/\",\"logo\":{\"@type\":\"ImageObject\",\"inLanguage\":\"fr-FR\",\"@id\":\"https:\\\/\\\/www.geurtsheatexchangers.com\\\/fr\\\/#\\\/schema\\\/logo\\\/image\\\/\",\"url\":\"https:\\\/\\\/www.geurtsheatexchangers.com\\\/wp-content\\\/uploads\\\/2020\\\/08\\\/Logo-geurts.png\",\"contentUrl\":\"https:\\\/\\\/www.geurtsheatexchangers.com\\\/wp-content\\\/uploads\\\/2020\\\/08\\\/Logo-geurts.png\",\"width\":360,\"height\":263,\"caption\":\"Geurts Heatexchangers B.V.\"},\"image\":{\"@id\":\"https:\\\/\\\/www.geurtsheatexchangers.com\\\/fr\\\/#\\\/schema\\\/logo\\\/image\\\/\"},\"sameAs\":[\"https:\\\/\\\/www.linkedin.com\\\/company\\\/geurts-heatexchange\\\/\"]}]}<\/script>\n<!-- \/ Yoast SEO plugin. -->","yoast_head_json":{"title":"Jobs - Geurts","robots":{"index":"index","follow":"follow","max-snippet":"max-snippet:-1","max-image-preview":"max-image-preview:large","max-video-preview":"max-video-preview:-1"},"canonical":"https:\/\/www.geurtsheatexchangers.com\/fr\/carriere\/","og_locale":"fr_FR","og_type":"article","og_title":"Jobs - Geurts","og_description":"[vc_row gap=\u00a0\u00bb0&Prime; element_id=\u00a0\u00bb683409&Prime; css=\u00a0\u00bb.vc_custom_1756117419130{margin-bottom: 25px !important;background-color: #0F145B1A !important;border-color: rgba(15,20,91,0.1) !important;}\u00a0\u00bb el_class=\u00a0\u00bbbackblock\u00a0\u00bb][vc_column animation_delay=\u00a0\u00bb0&Prime; element_id=\u00a0\u00bb127463&Prime; crp=\u00a0\u00bb480:i:i,480-768:i:i,768-1024:i:i,1024-1280:i:i,1280-1366:i:i,1366-1600:i:i,1600-1920:i:i\u00a0\u00bb][vc_row_inner content_placement=\u00a0\u00bbmiddle\u00a0\u00bb element_id=\u00a0\u00bb179935&Prime;][vc_column_inner width=\u00a0\u00bb1\/2&Prime; css=\u00a0\u00bb.vc_custom_1756117459894{padding-top: 40px !important;padding-right: 20px !important;padding-bottom: 40px !important;padding-left: 40px !important;}\u00a0\u00bb][vc_column_text animation_delay=\u00a0\u00bb150&Prime; css_animation=\u00a0\u00bbnone\u00a0\u00bb css=\u00a0\u00bb\u00a0\u00bb] Travailler chez Geurts Heatexchangers B.V. Chez Geurts Heatexchangers B.V., nous concevons et fabriquons des \u00e9changeurs de chaleur de haute qualit\u00e9 pour des applications industrielles dans le [&hellip;]","og_url":"https:\/\/www.geurtsheatexchangers.com\/fr\/carriere\/","og_site_name":"Geurts Heat Exchangers","article_modified_time":"2025-11-07T14:30:06+00:00","og_image":[{"width":1019,"height":764,"url":"https:\/\/www.geurtsheatexchangers.com\/wp-content\/uploads\/2017\/03\/DSC00027.jpg","type":"image\/jpeg"}],"twitter_card":"summary_large_image","twitter_misc":{"Dur\u00e9e de lecture estim\u00e9e":"1 minute"},"schema":{"@context":"https:\/\/schema.org","@graph":[{"@type":"WebPage","@id":"https:\/\/www.geurtsheatexchangers.com\/fr\/carriere\/","url":"https:\/\/www.geurtsheatexchangers.com\/fr\/carriere\/","name":"Jobs - Geurts","isPartOf":{"@id":"https:\/\/www.geurtsheatexchangers.com\/fr\/#website"},"primaryImageOfPage":{"@id":"https:\/\/www.geurtsheatexchangers.com\/fr\/carriere\/#primaryimage"},"image":{"@id":"https:\/\/www.geurtsheatexchangers.com\/fr\/carriere\/#primaryimage"},"thumbnailUrl":"https:\/\/www.geurtsheatexchangers.com\/wp-content\/uploads\/2017\/03\/DSC00027.jpg","datePublished":"2017-03-02T10:13:01+00:00","dateModified":"2025-11-07T14:30:06+00:00","breadcrumb":{"@id":"https:\/\/www.geurtsheatexchangers.com\/fr\/carriere\/#breadcrumb"},"inLanguage":"fr-FR","potentialAction":[{"@type":"ReadAction","target":["https:\/\/www.geurtsheatexchangers.com\/fr\/carriere\/"]}]},{"@type":"ImageObject","inLanguage":"fr-FR","@id":"https:\/\/www.geurtsheatexchangers.com\/fr\/carriere\/#primaryimage","url":"https:\/\/www.geurtsheatexchangers.com\/wp-content\/uploads\/2017\/03\/DSC00027.jpg","contentUrl":"https:\/\/www.geurtsheatexchangers.com\/wp-content\/uploads\/2017\/03\/DSC00027.jpg","width":1019,"height":764,"caption":"\u00c9changeurs de chaleur \u00e0 calandre et \u00e0 tubes"},{"@type":"BreadcrumbList","@id":"https:\/\/www.geurtsheatexchangers.com\/fr\/carriere\/#breadcrumb","itemListElement":[{"@type":"ListItem","position":1,"name":"Home","item":"https:\/\/www.geurtsheatexchangers.com\/fr\/"},{"@type":"ListItem","position":2,"name":"Carri\u00e8re"}]},{"@type":"WebSite","@id":"https:\/\/www.geurtsheatexchangers.com\/fr\/#website","url":"https:\/\/www.geurtsheatexchangers.com\/fr\/","name":"Geurts Heat Exchangers","description":"Take control of your energy","publisher":{"@id":"https:\/\/www.geurtsheatexchangers.com\/fr\/#organization"},"potentialAction":[{"@type":"SearchAction","target":{"@type":"EntryPoint","urlTemplate":"https:\/\/www.geurtsheatexchangers.com\/fr\/?s={search_term_string}"},"query-input":{"@type":"PropertyValueSpecification","valueRequired":true,"valueName":"search_term_string"}}],"inLanguage":"fr-FR"},{"@type":"Organization","@id":"https:\/\/www.geurtsheatexchangers.com\/fr\/#organization","name":"Geurts Heatexchangers B.V.","url":"https:\/\/www.geurtsheatexchangers.com\/fr\/","logo":{"@type":"ImageObject","inLanguage":"fr-FR","@id":"https:\/\/www.geurtsheatexchangers.com\/fr\/#\/schema\/logo\/image\/","url":"https:\/\/www.geurtsheatexchangers.com\/wp-content\/uploads\/2020\/08\/Logo-geurts.png","contentUrl":"https:\/\/www.geurtsheatexchangers.com\/wp-content\/uploads\/2020\/08\/Logo-geurts.png","width":360,"height":263,"caption":"Geurts Heatexchangers B.V."},"image":{"@id":"https:\/\/www.geurtsheatexchangers.com\/fr\/#\/schema\/logo\/image\/"},"sameAs":["https:\/\/www.linkedin.com\/company\/geurts-heatexchange\/"]}]}},"_links":{"self":[{"href":"https:\/\/www.geurtsheatexchangers.com\/fr\/wp-json\/wp\/v2\/pages\/1623","targetHints":{"allow":["GET"]}}],"collection":[{"href":"https:\/\/www.geurtsheatexchangers.com\/fr\/wp-json\/wp\/v2\/pages"}],"about":[{"href":"https:\/\/www.geurtsheatexchangers.com\/fr\/wp-json\/wp\/v2\/types\/page"}],"author":[{"embeddable":true,"href":"https:\/\/www.geurtsheatexchangers.com\/fr\/wp-json\/wp\/v2\/users\/9"}],"replies":[{"embeddable":true,"href":"https:\/\/www.geurtsheatexchangers.com\/fr\/wp-json\/wp\/v2\/comments?post=1623"}],"version-history":[{"count":6,"href":"https:\/\/www.geurtsheatexchangers.com\/fr\/wp-json\/wp\/v2\/pages\/1623\/revisions"}],"predecessor-version":[{"id":20499,"href":"https:\/\/www.geurtsheatexchangers.com\/fr\/wp-json\/wp\/v2\/pages\/1623\/revisions\/20499"}],"wp:featuredmedia":[{"embeddable":true,"href":"https:\/\/www.geurtsheatexchangers.com\/fr\/wp-json\/wp\/v2\/media\/1393"}],"wp:attachment":[{"href":"https:\/\/www.geurtsheatexchangers.com\/fr\/wp-json\/wp\/v2\/media?parent=1623"}],"curies":[{"name":"wp","href":"https:\/\/api.w.org\/{rel}","templated":true}]}}