{"id":1616,"date":"2017-03-22T14:46:05","date_gmt":"2017-03-22T13:46:05","guid":{"rendered":"https:\/\/www.geurtsheatexchangers.com\/process\/"},"modified":"2025-07-24T11:16:51","modified_gmt":"2025-07-24T09:16:51","slug":"procede","status":"publish","type":"page","link":"https:\/\/www.geurtsheatexchangers.com\/fr\/procede\/","title":{"rendered":"Proc\u00e9d\u00e9"},"content":{"rendered":"<div class=\"wpb-content-wrapper\">[vc_row element_id=\u00a0\u00bb722713&Prime; css=\u00a0\u00bb.vc_custom_1635234469294{margin-bottom: 35px !important;}\u00a0\u00bb][vc_column width=\u00a0\u00bb1\/2&Prime;][vc_column_text animation_delay=\u00a0\u00bb0&Prime;]\n<h1>Proc\u00e9d\u00e9<\/h1>\n<h2><strong>Les options de r\u00e9cup\u00e9ration de l\u2019\u00e9nergie perdue sont infinies<\/strong><\/h2>\n<p>La r\u00e9cup\u00e9ration de la chaleur industrielle est possible dans presque toutes les installations de proc\u00e9d\u00e9. Avec une conception industrielle intelligente, la chaleur perdue peut \u00eatre r\u00e9g\u00e9n\u00e9r\u00e9e et utilis\u00e9e dans d\u2019autres parties de votre proc\u00e9d\u00e9 de production. En plus de r\u00e9duire la consommation de combustible et les co\u00fbts, c\u2019est une m\u00e9thode importante pour am\u00e9liorer la durabilit\u00e9 et r\u00e9duire les \u00e9missions de gaz \u00e0 effet de serre.<\/p>\n<h3>La chaleur d\u00e9gag\u00e9e se transforme en \u00e9nergie<\/h3>\n<p>Sans syst\u00e8me de transfert d\u2019\u00e9nergie, la perte d\u2019\u00e9nergie g\u00e9n\u00e9r\u00e9e, par exemple durant le proc\u00e9d\u00e9 de combustion ou de production est \u00ab rel\u00e2ch\u00e9e \u00bb dans la nature. En installant une application de r\u00e9cup\u00e9ration de la chaleur, la chaleur peut \u00eatre transf\u00e9r\u00e9e en \u00e9nergie recycl\u00e9e, permettant une meilleure efficience dans la production et des b\u00e9n\u00e9fices \u00e0 la fois \u00e9conomiques et environnementaux.<\/p>\n<p>Geurts con\u00e7oit, fabrique et livre une large gamme d\u2019\u00e9quipements d\u2019\u00e9change et de r\u00e9cup\u00e9ration de chaleur. Nous proposons une solution conceptuelle compl\u00e8te ; de l\u2019ing\u00e9nierie thermique \u00e0 l&rsquo;ing\u00e9nierie m\u00e9canique, en passant par la gestion de projet et la production sur site pour les proc\u00e9d\u00e9s suivants:[\/vc_column_text]<span class=\"et-gap et-clearfix et-gap-952001\"><\/span>[\/vc_column][vc_column width=\u00a0\u00bb1\/2&Prime;][vc_single_image image=\u00a0\u00bb1579&Prime; img_size=\u00a0\u00bblarge\u00a0\u00bb][\/vc_column][\/vc_row][vc_row element_id=\u00a0\u00bb766624&Prime; css=\u00a0\u00bb.vc_custom_1599049988421{margin-top: 35px !important;margin-bottom: 35px !important;}\u00a0\u00bb][vc_column animation_delay=\u00a0\u00bb0&Prime; element_id=\u00a0\u00bb966043&Prime; crp=\u00a0\u00bb480:i:i,480-768:i:i,768-1024:i:i,1024-1280:i:i,1280-1366:i:i,1366-1600:i:i,1600-1920:i:i\u00a0\u00bb][vc_column_text animation_delay=\u00a0\u00bb0&Prime; css=\u00a0\u00bb\u00a0\u00bb]\n<h2>Refroidissement industriel<\/h2>\n<p>Les \u00e9changeurs de chaleur sont commun\u00e9ment utilis\u00e9s dans diff\u00e9rentes industries comme \u00e9quipement de refroidissement pour refroidir les fluides. Dans de nombreuses usines, les fluides sont refroidis en utilisant des \u00e9changeurs de chaleur pour:<\/p>\n<ul>\n<li>le refroidissement air-liquide<\/li>\n<li>le refroidissement liquide-air<\/li>\n<li>le refroidissement liquide-liquide<\/li>\n<li>ou le refroidissement air-air<\/li>\n<\/ul>\n<h4><strong>Exemple d\u2019application: eau de refroidissement pour lait<\/strong><\/h4>\n<p>En combinant un <span style=\"text-decoration: underline;\"><a href=\"https:\/\/www.geurtsheatexchangers.com\/fr\/products\/echangeur-de-chaleur-a-coque-et-bobine\/\">\u00e9changeur de chaleur coque et bobine<\/a><\/span> compact avec un robot de traite, le lait sera pr\u00e9-refroidi par l\u2019eau de boisson du b\u00e9tail avant d\u2019arriver dans le conteneur de refroidissement du lait. En cons\u00e9quence, le proc\u00e9d\u00e9 de refroidissement dans sa totalit\u00e9 permet une r\u00e9duction de la consommation en \u00e9nergie et donc, permettra de r\u00e9duire les d\u00e9penses \u00e9nerg\u00e9tiques.<\/p>\n<p>Autres utilisations typiques de nos refroidisseurs int\u00e9gr\u00e9s \u00e0 des proc\u00e9d\u00e9s industriels:<\/p>\n<ul>\n<li>Refroidissement de gaz de combustion<\/li>\n<li>Refroidissement d\u2019eau chaude<\/li>\n<li>Refroidissement d\u2019\u00e9thyl\u00e8ne glycol<\/li>\n<li>Traitement biogaz (proc\u00e9d\u00e9 de s\u00e9chage et refroidissement des gaz)<\/li>\n<li>Refroidissement des gaz<\/li>\n<li>Refroidissement du fioul<\/li>\n<\/ul>\n<p>Plus d\u2019informations:<\/p>\n<ul>\n<li><span style=\"text-decoration: underline;\"><a href=\"https:\/\/www.geurtsheatexchangers.com\/fr\/products\/echangeur-de-chaleur-a-coque-et-bobine\/\">\u00c9changeur de chaleur \u00e0 coque et bobine<\/a><\/span><\/li>\n<li><span style=\"text-decoration: underline;\"><a href=\"https:\/\/www.geurtsheatexchangers.com\/fr\/products\/echangeur-de-chaleur-de-biocarburant\/\">\u00c9changeur de chaleur de biocarburant<\/a><\/span><\/li>\n<li><span style=\"text-decoration: underline;\"><a href=\"https:\/\/www.geurtsheatexchangers.com\/fr\/products\/echangeur-de-chaleur-pour-gaz-de-combustion\/\">\u00c9changeur de chaleur gaz de combustion<\/a><\/span><\/li>\n<li><span style=\"text-decoration: underline;\"><a href=\"https:\/\/www.geurtsheatexchangers.com\/fr\/products\/echangeur-de-chaleur-tubes-en-u\/\">\u00c9changeur de chaleur tubes en U<\/a><\/span><\/li>\n<\/ul>\n[\/vc_column_text]<span class=\"et-gap et-clearfix et-gap-952001\"><\/span>[\/vc_column][\/vc_row][vc_row element_id=\u00a0\u00bb766624&Prime; css=\u00a0\u00bb.vc_custom_1599049988421{margin-top: 35px !important;margin-bottom: 35px !important;}\u00a0\u00bb][vc_column animation_delay=\u00a0\u00bb0&Prime; element_id=\u00a0\u00bb966043&Prime; crp=\u00a0\u00bb480:i:i,480-768:i:i,768-1024:i:i,1024-1280:i:i,1280-1366:i:i,1366-1600:i:i,1600-1920:i:i\u00a0\u00bb][vc_column_text animation_delay=\u00a0\u00bb0&Prime; css=\u00a0\u00bb\u00a0\u00bb]\n<h2>Condensation<\/h2>\n<p>En plus du refroidissement, les \u00e9changeurs de chaleur peuvent \u00e9galement \u00eatre utilis\u00e9s comme appareil de refroidissement dans lequel les vapeurs se transforment en liquides, en supprimant la chaleur latente en utilisant un r\u00e9frig\u00e9rant tel que l\u2019eau ou un autre fluide.<\/p>\n<p>Par exemple, dans une chaudi\u00e8re \u00e0 condensation, la chaleur latente provenant des gaz d\u2019\u00e9chappement, qui seraient normalement rejet\u00e9s dans l\u2019atmosph\u00e8re par le conduit, s\u2019\u00e9vaporent sous forme de condensat liquide. Les chauffes-eau \u00e0 condensation permettent d\u2019obtenir une efficience d\u2019au moins 90 % par rapport aux chauffes-eau classiques, ce qui signifie que 90 % du combustible utilis\u00e9 est transform\u00e9 en chaleur.<\/p>\n<p>Sur de nombreux sites industriels, la condensation des fluides est n\u00e9cessaire pour retirer les contaminations, pollutions, odeurs ou r\u00e9cup\u00e9rer le r\u00e9frig\u00e9rant \u00e9vapor\u00e9s sous forme de liquide.<\/p>\n<h4><strong>Exemple d\u2019application: industrie biogaz<\/strong><\/h4>\n<p>Les biogaz qui sont commun\u00e9ment utilis\u00e9s dans les usines de cog\u00e9n\u00e9ration, doivent \u00eatre purifi\u00e9s et amen\u00e9s \u00e0 un certain niveau standard applicable \u00e0 la combustion. Ceci vaut pour les gaz obtenus \u00e0 partir de proc\u00e9d\u00e9s de fermentation ainsi que des gaz provenant de d\u00e9charges et \u00e9gouts. Le refroidissement du biogaz produit un condensat qui ne contient pas de contaminants. R\u00e9chauffer le condensat fournit une forme de biogaz pouvant \u00eatre utilis\u00e9e dans l\u2019usine de cog\u00e9n\u00e9ration.<\/p>\n<p>Plus d\u2019informations:<\/p>\n<ul>\n<li><span style=\"text-decoration: underline;\"><a href=\"https:\/\/www.geurtsheatexchangers.com\/fr\/products\/echangeur-de-chaleur-a-coque-et-bobine\/\">\u00c9changeur de chaleur \u00e0 coque et bobine<\/a><\/span><\/li>\n<li><span style=\"text-decoration: underline;\"><a href=\"https:\/\/www.geurtsheatexchangers.com\/fr\/products\/echangeur-de-chaleur-de-biocarburant\/\">\u00c9changeur de chaleur de biocarburant<\/a><\/span><\/li>\n<li><span style=\"text-decoration: underline;\"><a href=\"https:\/\/www.geurtsheatexchangers.com\/fr\/products\/echangeur-de-chaleur-tubulaire\/\">\u00c9changeurs de chaleur tubulaires<\/a><\/span><\/li>\n<li><span style=\"text-decoration: underline;\"><a href=\"https:\/\/www.geurtsheatexchangers.com\/fr\/products\/echangeur-de-chaleur-pour-gaz-de-combustion\/\">\u00c9changeur de chaleur gaz de combustion<\/a><\/span><\/li>\n<li><span style=\"text-decoration: underline;\"><a href=\"https:\/\/www.geurtsheatexchangers.com\/fr\/products\/echangeur-de-chaleur-tubes-en-u\/\">\u00c9changeur de chaleur tubes en U<\/a><\/span><\/li>\n<\/ul>\n[\/vc_column_text]<span class=\"et-gap et-clearfix et-gap-952001\"><\/span>[\/vc_column][\/vc_row][vc_row element_id=\u00a0\u00bb766624&Prime; css=\u00a0\u00bb.vc_custom_1599049988421{margin-top: 35px !important;margin-bottom: 35px !important;}\u00a0\u00bb][vc_column animation_delay=\u00a0\u00bb0&Prime; element_id=\u00a0\u00bb966043&Prime; crp=\u00a0\u00bb480:i:i,480-768:i:i,768-1024:i:i,1024-1280:i:i,1280-1366:i:i,1366-1600:i:i,1600-1920:i:i\u00a0\u00bb][vc_column_text animation_delay=\u00a0\u00bb0&Prime; css=\u00a0\u00bb\u00a0\u00bb]\n<h2>Chauffage industriel<\/h2>\n<p>Les chauffes-eau industriels, fours, s\u00e9choirs et fourneaux g\u00e9n\u00e8rent des gaz \u00e0 flux chaud qui sont, d\u2019une certaine mani\u00e8re, dangereux pour l\u2019environnement. Geurts a d\u00e9velopp\u00e9 des mani\u00e8res innovantes de r\u00e9cup\u00e9rer cette chaleur perdue. En investissant dans l\u2019une des nombreuses vari\u00e9t\u00e9s d\u2019\u00e9changeurs de chaleur, vous permettez une am\u00e9lioration de l&rsquo;efficience et de la productivit\u00e9 du proc\u00e9d\u00e9 de production, transformez la chaleur d\u00e9gag\u00e9e en \u00e9conomie et r\u00e9duisez l\u2019impact environnemental.<\/p>\n<p>Sur de nombreux sites de production industrielle, les liquides, gaz ou m\u00eame solides doivent \u00eatre chauff\u00e9s ou pr\u00e9chauff\u00e9s. Chauffer et pr\u00e9chauffer l\u2019eau, l\u2019huile caloporteuse, le glycol, le p\u00e9trole brut, le gaz, l\u2019air de combustion, le r\u00e9chauffage du biogaz et la production de vapeur se font commun\u00e9ment en utilisant un \u00e9changeur de chaleur.<\/p>\n<h4><strong>Exemple d\u2019application: industrie du gaz naturel<\/strong><\/h4>\n<p>Dans de nombreux syst\u00e8mes de traitement du gaz naturel, le transport de gaz sous pression est un \u00e9l\u00e9ment cl\u00e9. En tenant compte du fait que l\u2019effet Joule-Thomson (en r\u00e9duisant la pression, la temp\u00e9rature du gaz baisse) cr\u00e9e des probl\u00e8mes de qualit\u00e9 op\u00e9rationnels et mat\u00e9riels dans les r\u00e9seaux de distribution, le pr\u00e9chauffage du gaz naturel avant la r\u00e9duction de la pression r\u00e9sout ce probl\u00e8me. Pour cette application, Geurts fournit des \u00e9changeurs de chaleur utilisant de la vapeur ou de l\u2019eau chaude comme fluide caloporteur.<\/p>\n<h4><strong>Exemple d\u2019application: syst\u00e8mes de r\u00e9duction des odeurs<\/strong><\/h4>\n<p>L&rsquo;utilisation des \u00e9changeurs de chaleur au niveau du proc\u00e9d\u00e9 de condensation dans le secteur agricole entra\u00eene une dissolution partielle des solubles polluants. En plus de la r\u00e9cup\u00e9ration d\u2019\u00e9nergie, on obtient une r\u00e9duction de l\u2019effet d\u2019odeur de 30 &#8211; 85 %.<\/p>\n<p>Plus d\u2019informations:<\/p>\n<ul>\n<li><span style=\"text-decoration: underline;\"><a href=\"https:\/\/www.geurtsheatexchangers.com\/fr\/products\/echangeur-de-chaleur-a-plaques\/\">\u00c9changeurs de chaleur \u00e0 plaques<\/a><\/span><\/li>\n<li><span style=\"text-decoration: underline;\"><a href=\"https:\/\/www.geurtsheatexchangers.com\/fr\/products\/echangeur-de-chaleur-tubulaire\/\">\u00c9changeurs de chaleur tubulaires<\/a><\/span><\/li>\n<li><span style=\"text-decoration: underline;\"><a href=\"https:\/\/www.geurtsheatexchangers.com\/fr\/products\/echangeur-de-chaleur-tubes-en-u\/\">\u00c9changeur de chaleur tubes en U<\/a><\/span><\/li>\n<\/ul>\n[\/vc_column_text]<span class=\"et-gap et-clearfix et-gap-952001\"><\/span>[\/vc_column][\/vc_row][vc_row element_id=\u00a0\u00bb410800&Prime; css=\u00a0\u00bb.vc_custom_1597649825216{margin-top: 35px !important;margin-bottom: 35px !important;}\u00a0\u00bb][vc_column animation_delay=\u00a0\u00bb0&Prime; element_id=\u00a0\u00bb966043&Prime; crp=\u00a0\u00bb480:i:i,480-768:i:i,768-1024:i:i,1024-1280:i:i,1280-1366:i:i,1366-1600:i:i,1600-1920:i:i\u00a0\u00bb][vc_column_text animation_delay=\u00a0\u00bb0&Prime; css=\u00a0\u00bb\u00a0\u00bb]\n<h2>VAPORISATEUR OU \u00c9VAPORATEUR<\/h2>\n<p>Un vaporisateur ou \u00e9vaporateur est le terme g\u00e9n\u00e9rique d\u00e9signant l\u2019\u00e9quipement qui convertit les liquides en vapeur, afin d\u2019humidifier l\u2019air (utilisant l\u2019eau liquide) ou afin de convertir un fluide de proc\u00e9d\u00e9 en vapeur. Les vaporisateurs peuvent \u00eatre utilis\u00e9s dans deux buts basiques : pour g\u00e9n\u00e9rer de la vapeur ou transf\u00e9rer de la chaleur. Comme pour les chauffes-eau industriels, les vaporisateurs transforment la chaleur en \u00e9nergie, mais \u00e0 des temp\u00e9ratures et pressions plus faibles. Pour effectuer une \u00e9vaporation, l\u2019appareil de transfert de chaleur vaporisateur utilise la chaleur latente provenant d\u2019une partie de votre proc\u00e9d\u00e9 de production, par exemple, un chauffe-eau. Il peut y avoir une addition de chaleur gr\u00e2ce \u00e0 un fluide chaud ou par des produits de combustion. Dans certaines applications sp\u00e9cifiques (comme les cycles de r\u00e9frig\u00e9ration), le terme d\u2019\u00e9vaporateur est \u00e9galement utilis\u00e9 pour d\u00e9signer l\u2019\u00e9quipement de transfert de chaleur qui \u00e9vapore le froid et le r\u00e9frig\u00e9rant liquide en transf\u00e9rant la chaleur depuis un fluide de proc\u00e9d\u00e9 chaud.<\/p>\n<h4><strong>Exemple d\u2019application: Installation ORC<\/strong><\/h4>\n<p>Les \u00e9vaporateurs sont commun\u00e9ment utilis\u00e9s dans les installations ORC \u00e0 des temp\u00e9ratures et pressions faibles. Le fluide porteur est chauff\u00e9 jusqu\u2019au point d\u2019\u00e9bullition, \u00e9vapor\u00e9 puis surchauff\u00e9. Une installation ORC avec \u00e9vaporateur r\u00e9g\u00e9n\u00e8re la chaleur des gaz de combustion et fournit un surplus d\u2019\u00e9nergie. Plus d\u2019informations:<\/p>\n<ul>\n<li><span style=\"text-decoration: underline;\"><a href=\"https:\/\/www.geurtsheatexchangers.com\/fr\/products\/echangeur-de-chaleur-tubulaire\/\">\u00c9changeurs de chaleur tubulaires<\/a><\/span><\/li>\n<li><span style=\"text-decoration: underline;\"><a href=\"https:\/\/www.geurtsheatexchangers.com\/fr\/products\/echangeur-de-chaleur-tubes-en-u\/\">\u00c9changeur de chaleur tubes en U<\/a><\/span><\/li>\n<\/ul>\n<h3>Mat\u00e9riaux et standards de haute qualit\u00e9<\/h3>\n<p>Pour assurer un transfert de chaleur ou une r\u00e9g\u00e9n\u00e9ration de chaleur optimum, dans tous les proc\u00e9d\u00e9s, il faut s\u00e9lectionner le meilleur mod\u00e8le et des mat\u00e9riaux de haute qualit\u00e9, en tenant compte du type de fluide, de sa quantit\u00e9 et de son utilisation. Chez Geurts, nous fournissons \u00e0 nos clients depuis plus de 20 ans diff\u00e9rents types d\u2019\u00e9changeurs de chaleur. Nous concevons nos mod\u00e8les en fonction des codes:<\/p>\n<ul>\n<li>PED<\/li>\n<li>AD Merkbl\u00e4tter<\/li>\n<li>ASME (y compris certification U-Stamp)<\/li>\n<li>TEMA<\/li>\n<li>R\u00e9gulations sp\u00e9cifiques des organismes d\u00e9sign\u00e9s DNV, GL, LR, ABS<\/li>\n<\/ul>\n<p>Nous avons de nombreuses solutions et propositions \u00e0 partager avec vous. N\u2019h\u00e9sitez pas \u00e0\u00a0<strong><a href=\"https:\/\/www.geurtsheatexchangers.com\/fr\/contact\/\">nous contacter<\/a><\/strong>\u00a0pour toute information compl\u00e9mentaire.[\/vc_column_text][\/vc_column][\/vc_row]\n<\/div>","protected":false},"excerpt":{"rendered":"<p>[vc_row element_id=\u00a0\u00bb722713&Prime; css=\u00a0\u00bb.vc_custom_1635234469294{margin-bottom: 35px !important;}\u00a0\u00bb][vc_column width=\u00a0\u00bb1\/2&Prime;][vc_column_text animation_delay=\u00a0\u00bb0&Prime;] Proc\u00e9d\u00e9 Les options de r\u00e9cup\u00e9ration de l\u2019\u00e9nergie perdue sont infinies La r\u00e9cup\u00e9ration de la chaleur industrielle est possible dans presque toutes les installations de proc\u00e9d\u00e9. Avec une conception industrielle intelligente, la chaleur perdue peut \u00eatre r\u00e9g\u00e9n\u00e9r\u00e9e et utilis\u00e9e dans d\u2019autres parties de votre proc\u00e9d\u00e9 de production. En plus [&hellip;]<\/p>\n","protected":false},"author":9,"featured_media":0,"parent":0,"menu_order":0,"comment_status":"closed","ping_status":"closed","template":"","meta":{"_acf_changed":false,"inline_featured_image":false,"footnotes":""},"class_list":["post-1616","page","type-page","status-publish","hentry"],"acf":[],"yoast_head":"<!-- This site is optimized with the Yoast SEO plugin v27.5 - https:\/\/yoast.com\/product\/yoast-seo-wordpress\/ -->\n<title>Proc\u00e9d\u00e9 - Geurts Heat Exchangers<\/title>\n<meta name=\"description\" content=\"Les proc\u00e9d\u00e9s de r\u00e9cup\u00e9ration et de transfert de chaleur : refroidissement industriel, condensation, chauffage industriel et vaporisation.\" \/>\n<meta name=\"robots\" content=\"index, follow, max-snippet:-1, max-image-preview:large, max-video-preview:-1\" \/>\n<link rel=\"canonical\" href=\"https:\/\/www.geurtsheatexchangers.com\/fr\/procede\/\" \/>\n<meta property=\"og:locale\" content=\"fr_FR\" \/>\n<meta property=\"og:type\" content=\"article\" \/>\n<meta property=\"og:title\" content=\"Proc\u00e9d\u00e9 - Geurts Heat Exchangers\" \/>\n<meta property=\"og:description\" content=\"Les proc\u00e9d\u00e9s de r\u00e9cup\u00e9ration et de transfert de chaleur : refroidissement industriel, condensation, chauffage industriel et vaporisation.\" \/>\n<meta property=\"og:url\" content=\"https:\/\/www.geurtsheatexchangers.com\/fr\/procede\/\" \/>\n<meta property=\"og:site_name\" content=\"Geurts Heat Exchangers\" \/>\n<meta property=\"article:modified_time\" content=\"2025-07-24T09:16:51+00:00\" \/>\n<meta name=\"twitter:card\" content=\"summary_large_image\" \/>\n<meta name=\"twitter:label1\" content=\"Dur\u00e9e de lecture estim\u00e9e\" \/>\n\t<meta name=\"twitter:data1\" content=\"6 minutes\" \/>\n<script type=\"application\/ld+json\" class=\"yoast-schema-graph\">{\"@context\":\"https:\\\/\\\/schema.org\",\"@graph\":[{\"@type\":\"WebPage\",\"@id\":\"https:\\\/\\\/www.geurtsheatexchangers.com\\\/fr\\\/procede\\\/\",\"url\":\"https:\\\/\\\/www.geurtsheatexchangers.com\\\/fr\\\/procede\\\/\",\"name\":\"Proc\u00e9d\u00e9 - Geurts Heat Exchangers\",\"isPartOf\":{\"@id\":\"https:\\\/\\\/www.geurtsheatexchangers.com\\\/fr\\\/#website\"},\"datePublished\":\"2017-03-22T13:46:05+00:00\",\"dateModified\":\"2025-07-24T09:16:51+00:00\",\"description\":\"Les proc\u00e9d\u00e9s de r\u00e9cup\u00e9ration et de transfert de chaleur : refroidissement industriel, condensation, chauffage industriel et vaporisation.\",\"breadcrumb\":{\"@id\":\"https:\\\/\\\/www.geurtsheatexchangers.com\\\/fr\\\/procede\\\/#breadcrumb\"},\"inLanguage\":\"fr-FR\",\"potentialAction\":[{\"@type\":\"ReadAction\",\"target\":[\"https:\\\/\\\/www.geurtsheatexchangers.com\\\/fr\\\/procede\\\/\"]}]},{\"@type\":\"BreadcrumbList\",\"@id\":\"https:\\\/\\\/www.geurtsheatexchangers.com\\\/fr\\\/procede\\\/#breadcrumb\",\"itemListElement\":[{\"@type\":\"ListItem\",\"position\":1,\"name\":\"Home\",\"item\":\"https:\\\/\\\/www.geurtsheatexchangers.com\\\/fr\\\/\"},{\"@type\":\"ListItem\",\"position\":2,\"name\":\"Proc\u00e9d\u00e9\"}]},{\"@type\":\"WebSite\",\"@id\":\"https:\\\/\\\/www.geurtsheatexchangers.com\\\/fr\\\/#website\",\"url\":\"https:\\\/\\\/www.geurtsheatexchangers.com\\\/fr\\\/\",\"name\":\"Geurts Heat Exchangers\",\"description\":\"Take control of your energy\",\"publisher\":{\"@id\":\"https:\\\/\\\/www.geurtsheatexchangers.com\\\/fr\\\/#organization\"},\"potentialAction\":[{\"@type\":\"SearchAction\",\"target\":{\"@type\":\"EntryPoint\",\"urlTemplate\":\"https:\\\/\\\/www.geurtsheatexchangers.com\\\/fr\\\/?s={search_term_string}\"},\"query-input\":{\"@type\":\"PropertyValueSpecification\",\"valueRequired\":true,\"valueName\":\"search_term_string\"}}],\"inLanguage\":\"fr-FR\"},{\"@type\":\"Organization\",\"@id\":\"https:\\\/\\\/www.geurtsheatexchangers.com\\\/fr\\\/#organization\",\"name\":\"Geurts Heatexchangers B.V.\",\"url\":\"https:\\\/\\\/www.geurtsheatexchangers.com\\\/fr\\\/\",\"logo\":{\"@type\":\"ImageObject\",\"inLanguage\":\"fr-FR\",\"@id\":\"https:\\\/\\\/www.geurtsheatexchangers.com\\\/fr\\\/#\\\/schema\\\/logo\\\/image\\\/\",\"url\":\"https:\\\/\\\/www.geurtsheatexchangers.com\\\/wp-content\\\/uploads\\\/2020\\\/08\\\/Logo-geurts.png\",\"contentUrl\":\"https:\\\/\\\/www.geurtsheatexchangers.com\\\/wp-content\\\/uploads\\\/2020\\\/08\\\/Logo-geurts.png\",\"width\":360,\"height\":263,\"caption\":\"Geurts Heatexchangers B.V.\"},\"image\":{\"@id\":\"https:\\\/\\\/www.geurtsheatexchangers.com\\\/fr\\\/#\\\/schema\\\/logo\\\/image\\\/\"},\"sameAs\":[\"https:\\\/\\\/www.linkedin.com\\\/company\\\/geurts-heatexchange\\\/\"]}]}<\/script>\n<!-- \/ Yoast SEO plugin. -->","yoast_head_json":{"title":"Proc\u00e9d\u00e9 - Geurts Heat Exchangers","description":"Les proc\u00e9d\u00e9s de r\u00e9cup\u00e9ration et de transfert de chaleur : refroidissement industriel, condensation, chauffage industriel et vaporisation.","robots":{"index":"index","follow":"follow","max-snippet":"max-snippet:-1","max-image-preview":"max-image-preview:large","max-video-preview":"max-video-preview:-1"},"canonical":"https:\/\/www.geurtsheatexchangers.com\/fr\/procede\/","og_locale":"fr_FR","og_type":"article","og_title":"Proc\u00e9d\u00e9 - Geurts Heat Exchangers","og_description":"Les proc\u00e9d\u00e9s de r\u00e9cup\u00e9ration et de transfert de chaleur : refroidissement industriel, condensation, chauffage industriel et vaporisation.","og_url":"https:\/\/www.geurtsheatexchangers.com\/fr\/procede\/","og_site_name":"Geurts Heat Exchangers","article_modified_time":"2025-07-24T09:16:51+00:00","twitter_card":"summary_large_image","twitter_misc":{"Dur\u00e9e de lecture estim\u00e9e":"6 minutes"},"schema":{"@context":"https:\/\/schema.org","@graph":[{"@type":"WebPage","@id":"https:\/\/www.geurtsheatexchangers.com\/fr\/procede\/","url":"https:\/\/www.geurtsheatexchangers.com\/fr\/procede\/","name":"Proc\u00e9d\u00e9 - Geurts Heat Exchangers","isPartOf":{"@id":"https:\/\/www.geurtsheatexchangers.com\/fr\/#website"},"datePublished":"2017-03-22T13:46:05+00:00","dateModified":"2025-07-24T09:16:51+00:00","description":"Les proc\u00e9d\u00e9s de r\u00e9cup\u00e9ration et de transfert de chaleur : refroidissement industriel, condensation, chauffage industriel et vaporisation.","breadcrumb":{"@id":"https:\/\/www.geurtsheatexchangers.com\/fr\/procede\/#breadcrumb"},"inLanguage":"fr-FR","potentialAction":[{"@type":"ReadAction","target":["https:\/\/www.geurtsheatexchangers.com\/fr\/procede\/"]}]},{"@type":"BreadcrumbList","@id":"https:\/\/www.geurtsheatexchangers.com\/fr\/procede\/#breadcrumb","itemListElement":[{"@type":"ListItem","position":1,"name":"Home","item":"https:\/\/www.geurtsheatexchangers.com\/fr\/"},{"@type":"ListItem","position":2,"name":"Proc\u00e9d\u00e9"}]},{"@type":"WebSite","@id":"https:\/\/www.geurtsheatexchangers.com\/fr\/#website","url":"https:\/\/www.geurtsheatexchangers.com\/fr\/","name":"Geurts Heat Exchangers","description":"Take control of your energy","publisher":{"@id":"https:\/\/www.geurtsheatexchangers.com\/fr\/#organization"},"potentialAction":[{"@type":"SearchAction","target":{"@type":"EntryPoint","urlTemplate":"https:\/\/www.geurtsheatexchangers.com\/fr\/?s={search_term_string}"},"query-input":{"@type":"PropertyValueSpecification","valueRequired":true,"valueName":"search_term_string"}}],"inLanguage":"fr-FR"},{"@type":"Organization","@id":"https:\/\/www.geurtsheatexchangers.com\/fr\/#organization","name":"Geurts Heatexchangers B.V.","url":"https:\/\/www.geurtsheatexchangers.com\/fr\/","logo":{"@type":"ImageObject","inLanguage":"fr-FR","@id":"https:\/\/www.geurtsheatexchangers.com\/fr\/#\/schema\/logo\/image\/","url":"https:\/\/www.geurtsheatexchangers.com\/wp-content\/uploads\/2020\/08\/Logo-geurts.png","contentUrl":"https:\/\/www.geurtsheatexchangers.com\/wp-content\/uploads\/2020\/08\/Logo-geurts.png","width":360,"height":263,"caption":"Geurts Heatexchangers B.V."},"image":{"@id":"https:\/\/www.geurtsheatexchangers.com\/fr\/#\/schema\/logo\/image\/"},"sameAs":["https:\/\/www.linkedin.com\/company\/geurts-heatexchange\/"]}]}},"_links":{"self":[{"href":"https:\/\/www.geurtsheatexchangers.com\/fr\/wp-json\/wp\/v2\/pages\/1616","targetHints":{"allow":["GET"]}}],"collection":[{"href":"https:\/\/www.geurtsheatexchangers.com\/fr\/wp-json\/wp\/v2\/pages"}],"about":[{"href":"https:\/\/www.geurtsheatexchangers.com\/fr\/wp-json\/wp\/v2\/types\/page"}],"author":[{"embeddable":true,"href":"https:\/\/www.geurtsheatexchangers.com\/fr\/wp-json\/wp\/v2\/users\/9"}],"replies":[{"embeddable":true,"href":"https:\/\/www.geurtsheatexchangers.com\/fr\/wp-json\/wp\/v2\/comments?post=1616"}],"version-history":[{"count":17,"href":"https:\/\/www.geurtsheatexchangers.com\/fr\/wp-json\/wp\/v2\/pages\/1616\/revisions"}],"predecessor-version":[{"id":20442,"href":"https:\/\/www.geurtsheatexchangers.com\/fr\/wp-json\/wp\/v2\/pages\/1616\/revisions\/20442"}],"wp:attachment":[{"href":"https:\/\/www.geurtsheatexchangers.com\/fr\/wp-json\/wp\/v2\/media?parent=1616"}],"curies":[{"name":"wp","href":"https:\/\/api.w.org\/{rel}","templated":true}]}}