{"id":18719,"date":"2020-09-07T09:02:00","date_gmt":"2020-09-07T07:02:00","guid":{"rendered":"https:\/\/www.geurtsheatexchangers.com\/?page_id=18719"},"modified":"2025-07-25T13:44:28","modified_gmt":"2025-07-25T11:44:28","slug":"products","status":"publish","type":"page","link":"https:\/\/www.geurtsheatexchangers.com\/de\/products\/","title":{"rendered":"Produkte"},"content":{"rendered":"<div class=\"wpb-content-wrapper\">[vc_row element_id=&#8220;432682&#8243; css=&#8220;.vc_custom_1597649818489{margin-top: 35px !important;margin-bottom: 35px !important;}&#8220;][vc_column width=&#8220;1\/2&#8243;][vc_column_text animation_delay=&#8220;0&#8243; css=&#8220;&#8220;]\n<h1>Produkte<\/h1>\n<h2><strong>BAU VON PRODUKTEN F\u00dcR DEN W\u00c4RMEAUSTAUSCH UND DIE W\u00c4RMER\u00dcCKGEWINNUNG<\/strong><\/h2>\n<p>Wo einst viele Industrien den Druck versp\u00fcrten, effizient und wirtschaftlich zu arbeiten, ist heutzutage das Reduzieren der CO2-Emissionen ein zus\u00e4tzlicher Faktor, der nicht l\u00e4nger gemieden werden kann. Dies schreit nach einer innovativen Entwicklung von kompletten Produktionsprozessen, Installationen und Ausr\u00fcstungen f\u00fcr bestehende Kunden und neue M\u00e4rkte.[\/vc_column_text]<span class=\"et-gap et-clearfix et-gap-855813\"><\/span>[vc_column_text animation_delay=&#8220;0&#8243; css=&#8220;&#8220;]\n<h2><strong>MASSGESCHNEIDERTE L\u00d6SUNGEN<\/strong><\/h2>\n[\/vc_column_text][vc_column_text animation_delay=&#8220;0&#8243; css=&#8220;&#8220;]Geurts liefert eine komplette Reihe an W\u00e4rmetauschern und W\u00e4rmer\u00fcckgewinnungsprodukten, um Abw\u00e4rme zu regenerieren und Energie aus verschiedenen Produktionsprozessen in erneuerbare Energie umzuwandeln. Unsere erfahrenen Ingenieure entwerfen ma\u00dfgeschneiderte L\u00f6sungen, einschlie\u00dflich Hochdruckger\u00e4ten (PED), extrem hohen Fl\u00fcssigkeitstemperaturen (Fl\u00fcssigkeiten oder Gase) oder gef\u00e4hrlichen Stoffen, die komplexe und spezialisierte Anwendungen erfordern.<\/p>\n<p>Wir bieten L\u00f6sungen aus einer Hand &#8211; vom Engineering \u00fcber Production; von W\u00e4rme\u00fcbertragungsberechnungen und Maschinenbaudesigns bis hin zur Produktion Ihres spezifischen\u00a0<a href=\"https:\/\/www.geurtsheatexchangers.com\/de\/products\/luftvorwarmer\/\"><span style=\"text-decoration: underline;\">Luftvorw\u00e4rmers<\/span>\u00a0<\/a>oder\u00a0<span style=\"text-decoration: underline;\"><a href=\"https:\/\/www.geurtsheatexchangers.com\/de\/products\/\">W\u00e4rmetauschers<\/a><\/span>. Ein einziger Kontakt f\u00fcr Ihre umfassende L\u00f6sung.[\/vc_column_text][\/vc_column][vc_column width=&#8220;1\/2&#8243;][vc_single_image image=&#8220;1801&#8243; img_size=&#8220;large&#8220; alignment=&#8220;center&#8220;][\/vc_column][\/vc_row][vc_row element_id=&#8220;573459&#8243; css=&#8220;.vc_custom_1598513221693{margin-top: 35px !important;margin-bottom: 35px !important;}&#8220;][vc_column animation_delay=&#8220;0&#8243; element_id=&#8220;966043&#8243; crp=&#8220;480:i:i,480-768:i:i,768-1024:i:i,1024-1280:i:i,1280-1366:i:i,1366-1600:i:i,1600-1920:i:i&#8220;][vc_column_text animation_delay=&#8220;0&#8243;]\n<div class=\"col-xs12 col-sm-7\">\n<h3>Unsere<strong> produkte<\/strong><\/h3>\n<\/div>\n[\/vc_column_text][\/vc_column][\/vc_row][vc_row element_id=&#8220;736629&#8243; css=&#8220;.vc_custom_1598513230266{margin-top: 35px !important;margin-bottom: 35px !important;}&#8220;][vc_column animation_delay=&#8220;0&#8243; element_id=&#8220;966043&#8243; crp=&#8220;480:i:i,480-768:i:i,768-1024:i:i,1024-1280:i:i,1280-1366:i:i,1366-1600:i:i,1600-1920:i:i&#8220;][vc_row_inner][vc_column_inner width=&#8220;1\/3&#8243;]<div id=\"et-image-1\" class=\"et-image et-image-box overlay-hover classic alignnone link\" ><a title=\"DAMPF LUFTVORW\u00c4RMER\" target=\"_self\" href=\"\/de\/products\/dampf-luftvorwarmer\/\"><div class=\"post-image post-media\"><img decoding=\"async\" width=\"t\" height=\"t\" src=\"https:\/\/www.geurtsheatexchangers.com\/wp-content\/uploads\/2017\/03\/150520091198.jpg\" alt=\"DAMPF LUFTVORW\u00c4RMER\"><\/div><div class=\"post-body et-clearfix\"><div class=\"post-body-inner-wrap\"><div class=\"post-body-inner\"><h4 class=\"post-title entry-title\">DAMPF LUFTVORW\u00c4RMER<\/h4><\/div><\/div><\/div><\/a><\/div>[\/vc_column_inner][vc_column_inner width=&#8220;1\/3&#8243;]<div id=\"et-image-2\" class=\"et-image et-image-box overlay-hover classic alignnone link\" ><a title=\"LUFT \u2013 REKUPERATOR\" target=\"_self\" href=\"\/de\/products\/luft-rekuperator\/\"><div class=\"post-image post-media\"><img decoding=\"async\" width=\"t\" height=\"t\" src=\"https:\/\/www.geurtsheatexchangers.com\/wp-content\/uploads\/2017\/03\/APHGeurts66.jpg\" alt=\"LUFT \u2013 REKUPERATOR\"><\/div><div class=\"post-body et-clearfix\"><div class=\"post-body-inner-wrap\"><div class=\"post-body-inner\"><h4 class=\"post-title entry-title\">LUFT \u2013 REKUPERATOR<\/h4><\/div><\/div><\/div><\/a><\/div>[\/vc_column_inner][vc_column_inner width=&#8220;1\/3&#8243;]<div id=\"et-image-3\" class=\"et-image et-image-box overlay-hover classic alignnone link\" ><a title=\"ABGASW\u00c4RMETAUSCHER\" target=\"_self\" href=\"\/de\/products\/abgaswarmetauscher\/\"><div class=\"post-image post-media\"><img decoding=\"async\" width=\"t\" height=\"t\" src=\"https:\/\/www.geurtsheatexchangers.com\/wp-content\/uploads\/2017\/03\/IMG_0322.jpg\" alt=\"ABGASW\u00c4RMETAUSCHER\"><\/div><div class=\"post-body et-clearfix\"><div class=\"post-body-inner-wrap\"><div class=\"post-body-inner\"><h4 class=\"post-title entry-title\">ABGASW\u00c4RMETAUSCHER<\/h4><\/div><\/div><\/div><\/a><\/div>[\/vc_column_inner][\/vc_row_inner][vc_row_inner element_id=&#8220;14308&#8243;][vc_column_inner width=&#8220;1\/3&#8243; css=&#8220;.vc_custom_1598875502760{margin-bottom: 15px !important;}&#8220;]<div id=\"et-image-4\" class=\"et-image et-image-box overlay-hover classic alignnone link\" ><a title=\"BIOKRAFTSTOFF-W\u00c4RMETAUSCHER\" target=\"_self\" href=\"\/de\/products\/biokraftstoff-warmetauscher\/\"><div class=\"post-image post-media\"><img decoding=\"async\" width=\"t\" height=\"t\" src=\"https:\/\/www.geurtsheatexchangers.com\/wp-content\/uploads\/2017\/03\/biofuel-heat-geurts6-e1490710231497.jpg\" alt=\"BIOKRAFTSTOFF-W\u00c4RMETAUSCHER\"><\/div><div class=\"post-body et-clearfix\"><div class=\"post-body-inner-wrap\"><div class=\"post-body-inner\"><h4 class=\"post-title entry-title\">BIOKRAFTSTOFF-W\u00c4RMETAUSCHER<\/h4><\/div><\/div><\/div><\/a><\/div>[\/vc_column_inner][vc_column_inner width=&#8220;1\/3&#8243;]<div id=\"et-image-5\" class=\"et-image et-image-box overlay-hover classic alignnone link\" ><a title=\"R\u00d6HRW\u00c4RMETAUSCHER\" target=\"_self\" href=\"\/de\/products\/rohrwarmetauscher\/\"><div class=\"post-image post-media\"><img decoding=\"async\" width=\"t\" height=\"t\" src=\"https:\/\/www.geurtsheatexchangers.com\/wp-content\/uploads\/2019\/02\/Tubular-steam-air-heat-exchangers.jpg\" alt=\"R\u00d6HRW\u00c4RMETAUSCHER\"><\/div><div class=\"post-body et-clearfix\"><div class=\"post-body-inner-wrap\"><div class=\"post-body-inner\"><h4 class=\"post-title entry-title\">R\u00d6HRW\u00c4RMETAUSCHER<\/h4><\/div><\/div><\/div><\/a><\/div>[\/vc_column_inner][vc_column_inner width=&#8220;1\/3&#8243; css=&#8220;.vc_custom_1598875508600{margin-bottom: 15px !important;}&#8220;]<div id=\"et-image-6\" class=\"et-image et-image-box overlay-hover classic alignnone link\" ><a title=\"W\u00c4RMETAUSCHER IM U-DESIGN\" target=\"_self\" href=\"\/de\/products\/waermetauscher-im-u-design\/\"><div class=\"post-image post-media\"><img decoding=\"async\" width=\"t\" height=\"t\" src=\"https:\/\/www.geurtsheatexchangers.com\/wp-content\/uploads\/2017\/03\/IMG_0371.jpg\" alt=\"W\u00c4RMETAUSCHER IM U-DESIGN\"><\/div><div class=\"post-body et-clearfix\"><div class=\"post-body-inner-wrap\"><div class=\"post-body-inner\"><h4 class=\"post-title entry-title\">W\u00c4RMETAUSCHER IM U-DESIGN<\/h4><\/div><\/div><\/div><\/a><\/div>[\/vc_column_inner][\/vc_row_inner][vc_row_inner element_id=&#8220;14308&#8243;][vc_column_inner width=&#8220;1\/3&#8243; css=&#8220;.vc_custom_1598875508600{margin-bottom: 15px !important;}&#8220;]<div id=\"et-image-7\" class=\"et-image et-image-box overlay-hover classic alignnone link\" ><a title=\"PLATTENW\u00c4RMETAUSCHER\" target=\"_self\" href=\"\/de\/products\/plattenwaermetauscher\/\"><div class=\"post-image post-media\"><img decoding=\"async\" width=\"t\" height=\"t\" src=\"https:\/\/www.geurtsheatexchangers.com\/wp-content\/uploads\/2017\/03\/shutterstock_269907119.jpg\" alt=\"PLATTENW\u00c4RMETAUSCHER\"><\/div><div class=\"post-body et-clearfix\"><div class=\"post-body-inner-wrap\"><div class=\"post-body-inner\"><h4 class=\"post-title entry-title\">PLATTENW\u00c4RMETAUSCHER<\/h4><\/div><\/div><\/div><\/a><\/div>[\/vc_column_inner][vc_column_inner width=&#8220;1\/3&#8243; css=&#8220;.vc_custom_1598875502760{margin-bottom: 15px !important;}&#8220;]<div id=\"et-image-8\" class=\"et-image et-image-box overlay-hover classic alignnone link\" ><a title=\"SPIRALROHRW\u00c4RMETAUSCHER\" target=\"_self\" href=\"\/de\/products\/spiralrohrwarmetauscher\/\"><div class=\"post-image post-media\"><img decoding=\"async\" width=\"t\" height=\"t\" src=\"https:\/\/www.geurtsheatexchangers.com\/wp-content\/uploads\/2017\/03\/coilshell-side.jpg\" alt=\"SPIRALROHRW\u00c4RMETAUSCHER\"><\/div><div class=\"post-body et-clearfix\"><div class=\"post-body-inner-wrap\"><div class=\"post-body-inner\"><h4 class=\"post-title entry-title\">SPIRALROHRW\u00c4RMETAUSCHER<\/h4><\/div><\/div><\/div><\/a><\/div>[\/vc_column_inner][vc_column_inner width=&#8220;1\/3&#8243;]<div id=\"et-image-9\" class=\"et-image et-image-box overlay-hover classic alignnone link\" ><a title=\"ECONOMISER\" target=\"_self\" href=\"\/de\/products\/economiser\/\"><div class=\"post-image post-media\"><img decoding=\"async\" width=\"t\" height=\"t\" src=\"https:\/\/www.geurtsheatexchangers.com\/wp-content\/uploads\/2017\/04\/2016-11-24-10.13edt.jpg\" alt=\"ECONOMISER\"><\/div><div class=\"post-body et-clearfix\"><div class=\"post-body-inner-wrap\"><div class=\"post-body-inner\"><h4 class=\"post-title entry-title\">ECONOMISER<\/h4><\/div><\/div><\/div><\/a><\/div>[\/vc_column_inner][\/vc_row_inner][\/vc_column][\/vc_row][vc_row disable_element=&#8220;yes&#8220; element_id=&#8220;475154&#8243; css=&#8220;.vc_custom_1599730129247{margin-top: 35px !important;margin-bottom: 35px !important;}&#8220;][vc_column animation_delay=&#8220;0&#8243; element_id=&#8220;966043&#8243; crp=&#8220;480:i:i,480-768:i:i,768-1024:i:i,1024-1280:i:i,1280-1366:i:i,1366-1600:i:i,1600-1920:i:i&#8220;][vc_row_inner][vc_column_inner][vc_column_text animation_delay=&#8220;0&#8243;]\n<h3><strong>LUFTVORW\u00c4RMER<\/strong><\/h3>\n<p><strong>Luftvorw\u00e4rmer<\/strong>, oder auch\u00a0<strong>Luvo<\/strong>\u00a0genannt, ist der allgemeine Begriff f\u00fcr W\u00e4rmetauschausr\u00fcstungen zur (Vor-)Erw\u00e4rmung eines anderen Teils eines industriellen Prozesses. Mit den Designs, die Geurts entwickelt und baut, rekuperiert Ihre Anlage W\u00e4rme, die normalerweise als Abw\u00e4rme verloren geht, und steigert die W\u00e4rmeeffizienz der Verbrennungsluft, die an anderen Stellen im Prozess ben\u00f6tigt wird.<\/p>\n<p>Wenn wir einen Luftvorw\u00e4rmer nach Ihren spezifischen Anforderungen entwerfen, bevorzugen wir es, schon ab einem fr\u00fchen Stadium am Prozess beteiligt zu sein, damit wir Anspr\u00fcche wie Korrosivit\u00e4t, Temperaturen und Hoch- und Niederdruck bewerten k\u00f6nnen. Nur auf diese Art k\u00f6nnen wir ein kundenspezifisches Lufterw\u00e4rmungssystem bauen, um W\u00e4rme zu rekuperieren. Dies hat folgende Ausma\u00dfe:<\/p>\n<ul>\n<li>Verbesserte Ergebnisse der Prozessinstallation<\/li>\n<li>Geruchsreduzierung<\/li>\n<li>Reduzierter Einfluss auf die Umwelt durch Verwendung von erneuerbarer Energie<\/li>\n<li>Weniger Energieverbrauch<\/li>\n<li>Geringere Kosten<\/li>\n<\/ul>\n[\/vc_column_text]<span class=\"et-gap et-clearfix et-gap-873971\"><\/span>[\/vc_column_inner][\/vc_row_inner][vc_row_inner][vc_column_inner][vc_column_text animation_delay=&#8220;0&#8243;]\n<h3>W\u00c4RMETAUSCHER<\/h3>\n<p>Den optimalen\u00a0<strong>W\u00e4rmetauscher<\/strong>\u00a0f\u00fcr Ihre Anwendung zu finden ist nicht so einfach, wie Sie vielleicht denken. Wir bei Geurts kennen die Anforderungen an W\u00e4rmetauschertypen, da wir seit \u00fcber f\u00fcnf Jahrzehnten viele wachsende innovative Industrien beliefern. Meist ist eine Standardl\u00f6sung keine Option.<\/p>\n<p>Wenn wir einen W\u00e4rmetauscher nach Ihren spezifischen Anforderungen entwerfen, bevorzugen wir es, schon ab einem fr\u00fchen Stadium am Prozess beteiligt zu sein, damit wir Anspr\u00fcche wie Korrosivit\u00e4t, Temperaturen, Werkstoffe, Verschmutzung des W\u00e4rmetauschers und Installationsbereich bewerten k\u00f6nnen. Nur auf diese Art k\u00f6nnen wir einen kundenspezifischen W\u00e4rmetauscher entwickeln und bauen, um die W\u00e4rme\u00fcbertragung zu optimieren. Dies hat folgende Ausma\u00dfe:<\/p>\n<ul>\n<li>Verbesserte Ergebnisse der Prozessinstallation<\/li>\n<li>Geruchsreduzierung<\/li>\n<li>Reduzierung der CO2-Emissionen<\/li>\n<li>Weniger Energieverbrauch<\/li>\n<li>Geringere Kosten<\/li>\n<\/ul>\n[\/vc_column_text]<span class=\"et-gap et-clearfix et-gap-873971\"><\/span>[\/vc_column_inner][\/vc_row_inner][\/vc_column][\/vc_row]\n<\/div>","protected":false},"excerpt":{"rendered":"<p>[vc_row element_id=&#8220;432682&#8243; css=&#8220;.vc_custom_1597649818489{margin-top: 35px !important;margin-bottom: 35px !important;}&#8220;][vc_column width=&#8220;1\/2&#8243;][vc_column_text animation_delay=&#8220;0&#8243; css=&#8220;&#8220;] Produkte BAU VON PRODUKTEN F\u00dcR DEN W\u00c4RMEAUSTAUSCH UND DIE W\u00c4RMER\u00dcCKGEWINNUNG Wo einst viele Industrien den Druck versp\u00fcrten, effizient und wirtschaftlich zu arbeiten, ist heutzutage das Reduzieren der CO2-Emissionen ein zus\u00e4tzlicher Faktor, der nicht l\u00e4nger gemieden werden kann. Dies schreit nach einer innovativen Entwicklung von kompletten [&hellip;]<\/p>\n","protected":false},"author":9,"featured_media":1367,"parent":0,"menu_order":0,"comment_status":"closed","ping_status":"closed","template":"","meta":{"_acf_changed":false,"inline_featured_image":false,"footnotes":""},"class_list":["post-18719","page","type-page","status-publish","has-post-thumbnail","hentry"],"acf":[],"yoast_head":"<!-- This site is optimized with the Yoast SEO plugin v27.5 - https:\/\/yoast.com\/product\/yoast-seo-wordpress\/ -->\n<title>W\u00e4rmetauschers - Geurts Heat Exchangers<\/title>\n<meta name=\"description\" content=\"Geurts entwickelt, entwickelt, fertigt und liefert Produkte f\u00fcr den W\u00e4rmeaustausch und die W\u00e4rmer\u00fcckgewinnung.\" \/>\n<meta name=\"robots\" content=\"index, follow, max-snippet:-1, max-image-preview:large, max-video-preview:-1\" \/>\n<link rel=\"canonical\" href=\"https:\/\/www.geurtsheatexchangers.com\/de\/products\/\" \/>\n<meta property=\"og:locale\" content=\"de_DE\" \/>\n<meta property=\"og:type\" content=\"article\" \/>\n<meta property=\"og:title\" content=\"W\u00e4rmetauschers - Geurts Heat Exchangers\" \/>\n<meta property=\"og:description\" content=\"Geurts entwickelt, entwickelt, fertigt und liefert Produkte f\u00fcr den W\u00e4rmeaustausch und die W\u00e4rmer\u00fcckgewinnung.\" \/>\n<meta property=\"og:url\" content=\"https:\/\/www.geurtsheatexchangers.com\/de\/products\/\" \/>\n<meta property=\"og:site_name\" content=\"Geurts Heat Exchangers\" \/>\n<meta property=\"article:modified_time\" content=\"2025-07-25T11:44:28+00:00\" \/>\n<meta property=\"og:image\" content=\"https:\/\/www.geurtsheatexchangers.com\/wp-content\/uploads\/2018\/02\/tubular-heat-exchanger-toluene-evaporator.jpg\" \/>\n\t<meta property=\"og:image:width\" content=\"2362\" \/>\n\t<meta property=\"og:image:height\" content=\"1575\" \/>\n\t<meta property=\"og:image:type\" content=\"image\/jpeg\" \/>\n<meta name=\"twitter:card\" content=\"summary_large_image\" \/>\n<meta name=\"twitter:label1\" content=\"Gesch\u00e4tzte Lesezeit\" \/>\n\t<meta name=\"twitter:data1\" content=\"5\u00a0Minuten\" \/>\n<script type=\"application\/ld+json\" class=\"yoast-schema-graph\">{\"@context\":\"https:\\\/\\\/schema.org\",\"@graph\":[{\"@type\":\"WebPage\",\"@id\":\"https:\\\/\\\/www.geurtsheatexchangers.com\\\/de\\\/products\\\/\",\"url\":\"https:\\\/\\\/www.geurtsheatexchangers.com\\\/de\\\/products\\\/\",\"name\":\"W\u00e4rmetauschers - Geurts Heat Exchangers\",\"isPartOf\":{\"@id\":\"https:\\\/\\\/www.geurtsheatexchangers.com\\\/fr\\\/#website\"},\"primaryImageOfPage\":{\"@id\":\"https:\\\/\\\/www.geurtsheatexchangers.com\\\/de\\\/products\\\/#primaryimage\"},\"image\":{\"@id\":\"https:\\\/\\\/www.geurtsheatexchangers.com\\\/de\\\/products\\\/#primaryimage\"},\"thumbnailUrl\":\"https:\\\/\\\/www.geurtsheatexchangers.com\\\/wp-content\\\/uploads\\\/2018\\\/02\\\/tubular-heat-exchanger-toluene-evaporator.jpg\",\"datePublished\":\"2020-09-07T07:02:00+00:00\",\"dateModified\":\"2025-07-25T11:44:28+00:00\",\"description\":\"Geurts entwickelt, entwickelt, fertigt und liefert Produkte f\u00fcr den W\u00e4rmeaustausch und die W\u00e4rmer\u00fcckgewinnung.\",\"breadcrumb\":{\"@id\":\"https:\\\/\\\/www.geurtsheatexchangers.com\\\/de\\\/products\\\/#breadcrumb\"},\"inLanguage\":\"de\",\"potentialAction\":[{\"@type\":\"ReadAction\",\"target\":[\"https:\\\/\\\/www.geurtsheatexchangers.com\\\/de\\\/products\\\/\"]}]},{\"@type\":\"ImageObject\",\"inLanguage\":\"de\",\"@id\":\"https:\\\/\\\/www.geurtsheatexchangers.com\\\/de\\\/products\\\/#primaryimage\",\"url\":\"https:\\\/\\\/www.geurtsheatexchangers.com\\\/wp-content\\\/uploads\\\/2018\\\/02\\\/tubular-heat-exchanger-toluene-evaporator.jpg\",\"contentUrl\":\"https:\\\/\\\/www.geurtsheatexchangers.com\\\/wp-content\\\/uploads\\\/2018\\\/02\\\/tubular-heat-exchanger-toluene-evaporator.jpg\",\"width\":2362,\"height\":1575,\"caption\":\"Rohrw\u00e4rmetauscher - Toluolverdampfer\"},{\"@type\":\"BreadcrumbList\",\"@id\":\"https:\\\/\\\/www.geurtsheatexchangers.com\\\/de\\\/products\\\/#breadcrumb\",\"itemListElement\":[{\"@type\":\"ListItem\",\"position\":1,\"name\":\"Home\",\"item\":\"https:\\\/\\\/www.geurtsheatexchangers.com\\\/de\\\/\"},{\"@type\":\"ListItem\",\"position\":2,\"name\":\"Produkte\"}]},{\"@type\":\"WebSite\",\"@id\":\"https:\\\/\\\/www.geurtsheatexchangers.com\\\/fr\\\/#website\",\"url\":\"https:\\\/\\\/www.geurtsheatexchangers.com\\\/fr\\\/\",\"name\":\"Geurts Heat Exchangers\",\"description\":\"Take control of your energy\",\"publisher\":{\"@id\":\"https:\\\/\\\/www.geurtsheatexchangers.com\\\/fr\\\/#organization\"},\"potentialAction\":[{\"@type\":\"SearchAction\",\"target\":{\"@type\":\"EntryPoint\",\"urlTemplate\":\"https:\\\/\\\/www.geurtsheatexchangers.com\\\/fr\\\/?s={search_term_string}\"},\"query-input\":{\"@type\":\"PropertyValueSpecification\",\"valueRequired\":true,\"valueName\":\"search_term_string\"}}],\"inLanguage\":\"de\"},{\"@type\":\"Organization\",\"@id\":\"https:\\\/\\\/www.geurtsheatexchangers.com\\\/fr\\\/#organization\",\"name\":\"Geurts Heatexchangers B.V.\",\"url\":\"https:\\\/\\\/www.geurtsheatexchangers.com\\\/fr\\\/\",\"logo\":{\"@type\":\"ImageObject\",\"inLanguage\":\"de\",\"@id\":\"https:\\\/\\\/www.geurtsheatexchangers.com\\\/fr\\\/#\\\/schema\\\/logo\\\/image\\\/\",\"url\":\"https:\\\/\\\/www.geurtsheatexchangers.com\\\/wp-content\\\/uploads\\\/2020\\\/08\\\/Logo-geurts.png\",\"contentUrl\":\"https:\\\/\\\/www.geurtsheatexchangers.com\\\/wp-content\\\/uploads\\\/2020\\\/08\\\/Logo-geurts.png\",\"width\":360,\"height\":263,\"caption\":\"Geurts Heatexchangers B.V.\"},\"image\":{\"@id\":\"https:\\\/\\\/www.geurtsheatexchangers.com\\\/fr\\\/#\\\/schema\\\/logo\\\/image\\\/\"},\"sameAs\":[\"https:\\\/\\\/www.linkedin.com\\\/company\\\/geurts-heatexchange\\\/\"]}]}<\/script>\n<!-- \/ Yoast SEO plugin. -->","yoast_head_json":{"title":"W\u00e4rmetauschers - Geurts Heat Exchangers","description":"Geurts entwickelt, entwickelt, fertigt und liefert Produkte f\u00fcr den W\u00e4rmeaustausch und die W\u00e4rmer\u00fcckgewinnung.","robots":{"index":"index","follow":"follow","max-snippet":"max-snippet:-1","max-image-preview":"max-image-preview:large","max-video-preview":"max-video-preview:-1"},"canonical":"https:\/\/www.geurtsheatexchangers.com\/de\/products\/","og_locale":"de_DE","og_type":"article","og_title":"W\u00e4rmetauschers - Geurts Heat Exchangers","og_description":"Geurts entwickelt, entwickelt, fertigt und liefert Produkte f\u00fcr den W\u00e4rmeaustausch und die W\u00e4rmer\u00fcckgewinnung.","og_url":"https:\/\/www.geurtsheatexchangers.com\/de\/products\/","og_site_name":"Geurts Heat Exchangers","article_modified_time":"2025-07-25T11:44:28+00:00","og_image":[{"width":2362,"height":1575,"url":"https:\/\/www.geurtsheatexchangers.com\/wp-content\/uploads\/2018\/02\/tubular-heat-exchanger-toluene-evaporator.jpg","type":"image\/jpeg"}],"twitter_card":"summary_large_image","twitter_misc":{"Gesch\u00e4tzte Lesezeit":"5\u00a0Minuten"},"schema":{"@context":"https:\/\/schema.org","@graph":[{"@type":"WebPage","@id":"https:\/\/www.geurtsheatexchangers.com\/de\/products\/","url":"https:\/\/www.geurtsheatexchangers.com\/de\/products\/","name":"W\u00e4rmetauschers - Geurts Heat Exchangers","isPartOf":{"@id":"https:\/\/www.geurtsheatexchangers.com\/fr\/#website"},"primaryImageOfPage":{"@id":"https:\/\/www.geurtsheatexchangers.com\/de\/products\/#primaryimage"},"image":{"@id":"https:\/\/www.geurtsheatexchangers.com\/de\/products\/#primaryimage"},"thumbnailUrl":"https:\/\/www.geurtsheatexchangers.com\/wp-content\/uploads\/2018\/02\/tubular-heat-exchanger-toluene-evaporator.jpg","datePublished":"2020-09-07T07:02:00+00:00","dateModified":"2025-07-25T11:44:28+00:00","description":"Geurts entwickelt, entwickelt, fertigt und liefert Produkte f\u00fcr den W\u00e4rmeaustausch und die W\u00e4rmer\u00fcckgewinnung.","breadcrumb":{"@id":"https:\/\/www.geurtsheatexchangers.com\/de\/products\/#breadcrumb"},"inLanguage":"de","potentialAction":[{"@type":"ReadAction","target":["https:\/\/www.geurtsheatexchangers.com\/de\/products\/"]}]},{"@type":"ImageObject","inLanguage":"de","@id":"https:\/\/www.geurtsheatexchangers.com\/de\/products\/#primaryimage","url":"https:\/\/www.geurtsheatexchangers.com\/wp-content\/uploads\/2018\/02\/tubular-heat-exchanger-toluene-evaporator.jpg","contentUrl":"https:\/\/www.geurtsheatexchangers.com\/wp-content\/uploads\/2018\/02\/tubular-heat-exchanger-toluene-evaporator.jpg","width":2362,"height":1575,"caption":"Rohrw\u00e4rmetauscher - Toluolverdampfer"},{"@type":"BreadcrumbList","@id":"https:\/\/www.geurtsheatexchangers.com\/de\/products\/#breadcrumb","itemListElement":[{"@type":"ListItem","position":1,"name":"Home","item":"https:\/\/www.geurtsheatexchangers.com\/de\/"},{"@type":"ListItem","position":2,"name":"Produkte"}]},{"@type":"WebSite","@id":"https:\/\/www.geurtsheatexchangers.com\/fr\/#website","url":"https:\/\/www.geurtsheatexchangers.com\/fr\/","name":"Geurts Heat Exchangers","description":"Take control of your energy","publisher":{"@id":"https:\/\/www.geurtsheatexchangers.com\/fr\/#organization"},"potentialAction":[{"@type":"SearchAction","target":{"@type":"EntryPoint","urlTemplate":"https:\/\/www.geurtsheatexchangers.com\/fr\/?s={search_term_string}"},"query-input":{"@type":"PropertyValueSpecification","valueRequired":true,"valueName":"search_term_string"}}],"inLanguage":"de"},{"@type":"Organization","@id":"https:\/\/www.geurtsheatexchangers.com\/fr\/#organization","name":"Geurts Heatexchangers B.V.","url":"https:\/\/www.geurtsheatexchangers.com\/fr\/","logo":{"@type":"ImageObject","inLanguage":"de","@id":"https:\/\/www.geurtsheatexchangers.com\/fr\/#\/schema\/logo\/image\/","url":"https:\/\/www.geurtsheatexchangers.com\/wp-content\/uploads\/2020\/08\/Logo-geurts.png","contentUrl":"https:\/\/www.geurtsheatexchangers.com\/wp-content\/uploads\/2020\/08\/Logo-geurts.png","width":360,"height":263,"caption":"Geurts Heatexchangers B.V."},"image":{"@id":"https:\/\/www.geurtsheatexchangers.com\/fr\/#\/schema\/logo\/image\/"},"sameAs":["https:\/\/www.linkedin.com\/company\/geurts-heatexchange\/"]}]}},"_links":{"self":[{"href":"https:\/\/www.geurtsheatexchangers.com\/de\/wp-json\/wp\/v2\/pages\/18719","targetHints":{"allow":["GET"]}}],"collection":[{"href":"https:\/\/www.geurtsheatexchangers.com\/de\/wp-json\/wp\/v2\/pages"}],"about":[{"href":"https:\/\/www.geurtsheatexchangers.com\/de\/wp-json\/wp\/v2\/types\/page"}],"author":[{"embeddable":true,"href":"https:\/\/www.geurtsheatexchangers.com\/de\/wp-json\/wp\/v2\/users\/9"}],"replies":[{"embeddable":true,"href":"https:\/\/www.geurtsheatexchangers.com\/de\/wp-json\/wp\/v2\/comments?post=18719"}],"version-history":[{"count":9,"href":"https:\/\/www.geurtsheatexchangers.com\/de\/wp-json\/wp\/v2\/pages\/18719\/revisions"}],"predecessor-version":[{"id":20481,"href":"https:\/\/www.geurtsheatexchangers.com\/de\/wp-json\/wp\/v2\/pages\/18719\/revisions\/20481"}],"wp:featuredmedia":[{"embeddable":true,"href":"https:\/\/www.geurtsheatexchangers.com\/de\/wp-json\/wp\/v2\/media\/1367"}],"wp:attachment":[{"href":"https:\/\/www.geurtsheatexchangers.com\/de\/wp-json\/wp\/v2\/media?parent=18719"}],"curies":[{"name":"wp","href":"https:\/\/api.w.org\/{rel}","templated":true}]}}