{"id":18359,"date":"2020-08-31T15:53:33","date_gmt":"2020-08-31T13:53:33","guid":{"rendered":"https:\/\/www.geurtsheatexchangers.com\/?page_id=18359"},"modified":"2020-09-10T10:03:12","modified_gmt":"2020-09-10T08:03:12","slug":"luftvorwarmer","status":"publish","type":"page","link":"https:\/\/www.geurtsheatexchangers.com\/de\/products\/luftvorwarmer\/","title":{"rendered":"Luftvorw\u00e4rmer"},"content":{"rendered":"<div class=\"wpb-content-wrapper\">[vc_row element_id=&#8220;432682&#8243; css=&#8220;.vc_custom_1597649818489{margin-top: 35px !important;margin-bottom: 35px !important;}&#8220;][vc_column width=&#8220;1\/2&#8243;][vc_column_text animation_delay=&#8220;0&#8243;]\n<h1><strong>LUFTVORW\u00c4RMER<\/strong><\/h1>\n<h2><strong>LUFTVORW\u00c4RMER F\u00dcR ERNEUERBARE ENERGIE UND KOSTENSENKUNG<\/strong><\/h2>\n<p><strong>Luftvorw\u00e4rmer<\/strong>, oder auch\u00a0<strong>Luvo<\/strong>\u00a0genannt, ist der allgemeine Begriff f\u00fcr W\u00e4rmetauschausr\u00fcstungen zur (Vor-)Erw\u00e4rmung eines anderen Teils eines industriellen Prozesses. Mit den Designs, die Geurts entwickelt und baut, rekuperiert Ihre Anlage W\u00e4rme, die normalerweise als Abw\u00e4rme verloren geht, und steigert die W\u00e4rmeeffizienz der Verbrennungsluft, die an anderen Stellen im Prozess ben\u00f6tigt wird.<\/p>\n<p>Wenn wir einen Luftvorw\u00e4rmer nach Ihren spezifischen Anforderungen entwerfen, bevorzugen wir es, schon ab einem fr\u00fchen Stadium am Prozess beteiligt zu sein, damit wir Anspr\u00fcche wie Korrosivit\u00e4t, Temperaturen und Hoch- und Niederdruck bewerten k\u00f6nnen. Nur auf diese Art k\u00f6nnen wir ein kundenspezifisches Lufterw\u00e4rmungssystem bauen, um W\u00e4rme zu rekuperieren. Dies hat folgende Ausma\u00dfe:<\/p>\n<ul>\n<li>Verbesserte Ergebnisse der Prozessinstallation<\/li>\n<li>Geruchsreduzierung<\/li>\n<li>Reduzierter Einfluss auf die Umwelt durch Verwendung von erneuerbarer Energie<\/li>\n<li>Weniger Energieverbrauch<\/li>\n<li>Geringere Kosten<\/li>\n<\/ul>\n<p>Die auf unserer Webseite beschriebenen Luftvorw\u00e4rmer sollten Ihnen einen guten \u00dcberblick \u00fcber die von uns gebotenen L\u00f6sungen verschaffen. Bitte z\u00f6gern Sie nicht, uns f\u00fcr eine ma\u00dfgeschneiderte Berechnung und ein Angebot f\u00fcr Ihre Situation zu\u00a0<strong><a href=\"https:\/\/www.geurtsheatexchangers.com\/de\/kontakt\/\">kontaktieren<\/a>,<\/strong> damit Ihre Installation ausgezeichnete Leistungen erbringen kann.[\/vc_column_text][\/vc_column][vc_column width=&#8220;1\/2&#8243;][vc_single_image image=&#8220;689&#8243; img_size=&#8220;large&#8220; alignment=&#8220;center&#8220;][\/vc_column][\/vc_row][vc_row element_id=&#8220;894303&#8243; css=&#8220;.vc_custom_1599661765825{margin-top: 35px !important;margin-bottom: 35px !important;}&#8220;][vc_column animation_delay=&#8220;0&#8243; element_id=&#8220;966043&#8243; crp=&#8220;480:i:i,480-768:i:i,768-1024:i:i,1024-1280:i:i,1280-1366:i:i,1366-1600:i:i,1600-1920:i:i&#8220;][vc_row_inner][vc_column_inner width=&#8220;1\/2&#8243;]<div id=\"et-image-1\" class=\"et-image et-image-box overlay-hover classic alignnone link\" ><a title=\"DAMPF LUFTVORW\u00c4RMER\" target=\"_self\" href=\"\/de\/products\/luftvorwarmer\/dampf-luftvorwarmer\/\"><div class=\"post-image post-media\"><img decoding=\"async\" width=\"t\" height=\"t\" src=\"https:\/\/www.geurtsheatexchangers.com\/wp-content\/uploads\/2017\/03\/150520091198.jpg\" alt=\"DAMPF LUFTVORW\u00c4RMER\"><\/div><div class=\"post-body et-clearfix\"><div class=\"post-body-inner-wrap\"><div class=\"post-body-inner\"><h4 class=\"post-title entry-title\">DAMPF LUFTVORW\u00c4RMER<\/h4><\/div><\/div><\/div><\/a><\/div>[\/vc_column_inner][vc_column_inner width=&#8220;1\/2&#8243;]<div id=\"et-image-2\" class=\"et-image et-image-box overlay-hover classic alignnone link\" ><a title=\"LUFT \u2013 REKUPERATOR\" target=\"_self\" href=\"\/de\/products\/luftvorwarmer\/luft-rekuperator\/\"><div class=\"post-image post-media\"><img decoding=\"async\" width=\"t\" height=\"t\" src=\"https:\/\/www.geurtsheatexchangers.com\/wp-content\/uploads\/2017\/03\/APHGeurts66.jpg\" alt=\"LUFT \u2013 REKUPERATOR\"><\/div><div class=\"post-body et-clearfix\"><div class=\"post-body-inner-wrap\"><div class=\"post-body-inner\"><h4 class=\"post-title entry-title\">LUFT \u2013 REKUPERATOR<\/h4><\/div><\/div><\/div><\/a><\/div>[\/vc_column_inner][\/vc_row_inner][\/vc_column][\/vc_row]\n<\/div>","protected":false},"excerpt":{"rendered":"<p>[vc_row element_id=&#8220;432682&#8243; css=&#8220;.vc_custom_1597649818489{margin-top: 35px !important;margin-bottom: 35px !important;}&#8220;][vc_column width=&#8220;1\/2&#8243;][vc_column_text animation_delay=&#8220;0&#8243;] LUFTVORW\u00c4RMER LUFTVORW\u00c4RMER F\u00dcR ERNEUERBARE ENERGIE UND KOSTENSENKUNG Luftvorw\u00e4rmer, oder auch\u00a0Luvo\u00a0genannt, ist der allgemeine Begriff f\u00fcr W\u00e4rmetauschausr\u00fcstungen zur (Vor-)Erw\u00e4rmung eines anderen Teils eines industriellen Prozesses. Mit den Designs, die Geurts entwickelt und baut, rekuperiert Ihre Anlage W\u00e4rme, die normalerweise als Abw\u00e4rme verloren geht, und steigert die W\u00e4rmeeffizienz [&hellip;]<\/p>\n","protected":false},"author":13,"featured_media":1367,"parent":18719,"menu_order":0,"comment_status":"closed","ping_status":"closed","template":"","meta":{"_acf_changed":false,"inline_featured_image":false,"footnotes":""},"class_list":["post-18359","page","type-page","status-publish","has-post-thumbnail","hentry"],"acf":[],"yoast_head":"<!-- This site is optimized with the Yoast SEO plugin v27.5 - https:\/\/yoast.com\/product\/yoast-seo-wordpress\/ -->\n<title>Luftvorw\u00e4rmer - Geurts Heat Exchangers<\/title>\n<meta name=\"description\" content=\"Der kundenspezifische Luftvorw\u00e4rmer verbessert die Prozessinstallation und reduziert den Energieverbrauch sowie die -kosten. Bei Geurts bauen wir rekuperative Lufterw\u00e4rmungssysteme.\" \/>\n<meta name=\"robots\" content=\"index, follow, max-snippet:-1, max-image-preview:large, max-video-preview:-1\" \/>\n<link rel=\"canonical\" href=\"https:\/\/www.geurtsheatexchangers.com\/de\/products\/luftvorwarmer\/\" \/>\n<meta property=\"og:locale\" content=\"de_DE\" \/>\n<meta property=\"og:type\" content=\"article\" \/>\n<meta property=\"og:title\" content=\"Luftvorw\u00e4rmer - Geurts Heat Exchangers\" \/>\n<meta property=\"og:description\" content=\"Der kundenspezifische Luftvorw\u00e4rmer verbessert die Prozessinstallation und reduziert den Energieverbrauch sowie die -kosten. Bei Geurts bauen wir rekuperative Lufterw\u00e4rmungssysteme.\" \/>\n<meta property=\"og:url\" content=\"https:\/\/www.geurtsheatexchangers.com\/de\/products\/luftvorwarmer\/\" \/>\n<meta property=\"og:site_name\" content=\"Geurts Heat Exchangers\" \/>\n<meta property=\"article:modified_time\" content=\"2020-09-10T08:03:12+00:00\" \/>\n<meta property=\"og:image\" content=\"https:\/\/www.geurtsheatexchangers.com\/wp-content\/uploads\/2018\/02\/tubular-heat-exchanger-toluene-evaporator.jpg\" \/>\n\t<meta property=\"og:image:width\" content=\"2362\" \/>\n\t<meta property=\"og:image:height\" content=\"1575\" \/>\n\t<meta property=\"og:image:type\" content=\"image\/jpeg\" \/>\n<meta name=\"twitter:card\" content=\"summary_large_image\" \/>\n<meta name=\"twitter:label1\" content=\"Gesch\u00e4tzte Lesezeit\" \/>\n\t<meta name=\"twitter:data1\" content=\"2\u00a0Minuten\" \/>\n<script type=\"application\/ld+json\" class=\"yoast-schema-graph\">{\"@context\":\"https:\\\/\\\/schema.org\",\"@graph\":[{\"@type\":\"WebPage\",\"@id\":\"https:\\\/\\\/www.geurtsheatexchangers.com\\\/de\\\/products\\\/luftvorwarmer\\\/\",\"url\":\"https:\\\/\\\/www.geurtsheatexchangers.com\\\/de\\\/products\\\/luftvorwarmer\\\/\",\"name\":\"Luftvorw\u00e4rmer - Geurts Heat Exchangers\",\"isPartOf\":{\"@id\":\"https:\\\/\\\/www.geurtsheatexchangers.com\\\/fr\\\/#website\"},\"primaryImageOfPage\":{\"@id\":\"https:\\\/\\\/www.geurtsheatexchangers.com\\\/de\\\/products\\\/luftvorwarmer\\\/#primaryimage\"},\"image\":{\"@id\":\"https:\\\/\\\/www.geurtsheatexchangers.com\\\/de\\\/products\\\/luftvorwarmer\\\/#primaryimage\"},\"thumbnailUrl\":\"https:\\\/\\\/www.geurtsheatexchangers.com\\\/wp-content\\\/uploads\\\/2018\\\/02\\\/tubular-heat-exchanger-toluene-evaporator.jpg\",\"datePublished\":\"2020-08-31T13:53:33+00:00\",\"dateModified\":\"2020-09-10T08:03:12+00:00\",\"description\":\"Der kundenspezifische Luftvorw\u00e4rmer verbessert die Prozessinstallation und reduziert den Energieverbrauch sowie die -kosten. Bei Geurts bauen wir rekuperative Lufterw\u00e4rmungssysteme.\",\"breadcrumb\":{\"@id\":\"https:\\\/\\\/www.geurtsheatexchangers.com\\\/de\\\/products\\\/luftvorwarmer\\\/#breadcrumb\"},\"inLanguage\":\"de\",\"potentialAction\":[{\"@type\":\"ReadAction\",\"target\":[\"https:\\\/\\\/www.geurtsheatexchangers.com\\\/de\\\/products\\\/luftvorwarmer\\\/\"]}]},{\"@type\":\"ImageObject\",\"inLanguage\":\"de\",\"@id\":\"https:\\\/\\\/www.geurtsheatexchangers.com\\\/de\\\/products\\\/luftvorwarmer\\\/#primaryimage\",\"url\":\"https:\\\/\\\/www.geurtsheatexchangers.com\\\/wp-content\\\/uploads\\\/2018\\\/02\\\/tubular-heat-exchanger-toluene-evaporator.jpg\",\"contentUrl\":\"https:\\\/\\\/www.geurtsheatexchangers.com\\\/wp-content\\\/uploads\\\/2018\\\/02\\\/tubular-heat-exchanger-toluene-evaporator.jpg\",\"width\":2362,\"height\":1575,\"caption\":\"Rohrw\u00e4rmetauscher - Toluolverdampfer\"},{\"@type\":\"BreadcrumbList\",\"@id\":\"https:\\\/\\\/www.geurtsheatexchangers.com\\\/de\\\/products\\\/luftvorwarmer\\\/#breadcrumb\",\"itemListElement\":[{\"@type\":\"ListItem\",\"position\":1,\"name\":\"Home\",\"item\":\"https:\\\/\\\/www.geurtsheatexchangers.com\\\/de\\\/\"},{\"@type\":\"ListItem\",\"position\":2,\"name\":\"Produkte\",\"item\":\"https:\\\/\\\/www.geurtsheatexchangers.com\\\/de\\\/products\\\/\"},{\"@type\":\"ListItem\",\"position\":3,\"name\":\"Luftvorw\u00e4rmer\"}]},{\"@type\":\"WebSite\",\"@id\":\"https:\\\/\\\/www.geurtsheatexchangers.com\\\/fr\\\/#website\",\"url\":\"https:\\\/\\\/www.geurtsheatexchangers.com\\\/fr\\\/\",\"name\":\"Geurts Heat Exchangers\",\"description\":\"Take control of your energy\",\"publisher\":{\"@id\":\"https:\\\/\\\/www.geurtsheatexchangers.com\\\/fr\\\/#organization\"},\"potentialAction\":[{\"@type\":\"SearchAction\",\"target\":{\"@type\":\"EntryPoint\",\"urlTemplate\":\"https:\\\/\\\/www.geurtsheatexchangers.com\\\/fr\\\/?s={search_term_string}\"},\"query-input\":{\"@type\":\"PropertyValueSpecification\",\"valueRequired\":true,\"valueName\":\"search_term_string\"}}],\"inLanguage\":\"de\"},{\"@type\":\"Organization\",\"@id\":\"https:\\\/\\\/www.geurtsheatexchangers.com\\\/fr\\\/#organization\",\"name\":\"Geurts Heatexchangers B.V.\",\"url\":\"https:\\\/\\\/www.geurtsheatexchangers.com\\\/fr\\\/\",\"logo\":{\"@type\":\"ImageObject\",\"inLanguage\":\"de\",\"@id\":\"https:\\\/\\\/www.geurtsheatexchangers.com\\\/fr\\\/#\\\/schema\\\/logo\\\/image\\\/\",\"url\":\"https:\\\/\\\/www.geurtsheatexchangers.com\\\/wp-content\\\/uploads\\\/2020\\\/08\\\/Logo-geurts.png\",\"contentUrl\":\"https:\\\/\\\/www.geurtsheatexchangers.com\\\/wp-content\\\/uploads\\\/2020\\\/08\\\/Logo-geurts.png\",\"width\":360,\"height\":263,\"caption\":\"Geurts Heatexchangers B.V.\"},\"image\":{\"@id\":\"https:\\\/\\\/www.geurtsheatexchangers.com\\\/fr\\\/#\\\/schema\\\/logo\\\/image\\\/\"},\"sameAs\":[\"https:\\\/\\\/www.linkedin.com\\\/company\\\/geurts-heatexchange\\\/\"]}]}<\/script>\n<!-- \/ Yoast SEO plugin. -->","yoast_head_json":{"title":"Luftvorw\u00e4rmer - Geurts Heat Exchangers","description":"Der kundenspezifische Luftvorw\u00e4rmer verbessert die Prozessinstallation und reduziert den Energieverbrauch sowie die -kosten. Bei Geurts bauen wir rekuperative Lufterw\u00e4rmungssysteme.","robots":{"index":"index","follow":"follow","max-snippet":"max-snippet:-1","max-image-preview":"max-image-preview:large","max-video-preview":"max-video-preview:-1"},"canonical":"https:\/\/www.geurtsheatexchangers.com\/de\/products\/luftvorwarmer\/","og_locale":"de_DE","og_type":"article","og_title":"Luftvorw\u00e4rmer - Geurts Heat Exchangers","og_description":"Der kundenspezifische Luftvorw\u00e4rmer verbessert die Prozessinstallation und reduziert den Energieverbrauch sowie die -kosten. Bei Geurts bauen wir rekuperative Lufterw\u00e4rmungssysteme.","og_url":"https:\/\/www.geurtsheatexchangers.com\/de\/products\/luftvorwarmer\/","og_site_name":"Geurts Heat Exchangers","article_modified_time":"2020-09-10T08:03:12+00:00","og_image":[{"width":2362,"height":1575,"url":"https:\/\/www.geurtsheatexchangers.com\/wp-content\/uploads\/2018\/02\/tubular-heat-exchanger-toluene-evaporator.jpg","type":"image\/jpeg"}],"twitter_card":"summary_large_image","twitter_misc":{"Gesch\u00e4tzte Lesezeit":"2\u00a0Minuten"},"schema":{"@context":"https:\/\/schema.org","@graph":[{"@type":"WebPage","@id":"https:\/\/www.geurtsheatexchangers.com\/de\/products\/luftvorwarmer\/","url":"https:\/\/www.geurtsheatexchangers.com\/de\/products\/luftvorwarmer\/","name":"Luftvorw\u00e4rmer - Geurts Heat Exchangers","isPartOf":{"@id":"https:\/\/www.geurtsheatexchangers.com\/fr\/#website"},"primaryImageOfPage":{"@id":"https:\/\/www.geurtsheatexchangers.com\/de\/products\/luftvorwarmer\/#primaryimage"},"image":{"@id":"https:\/\/www.geurtsheatexchangers.com\/de\/products\/luftvorwarmer\/#primaryimage"},"thumbnailUrl":"https:\/\/www.geurtsheatexchangers.com\/wp-content\/uploads\/2018\/02\/tubular-heat-exchanger-toluene-evaporator.jpg","datePublished":"2020-08-31T13:53:33+00:00","dateModified":"2020-09-10T08:03:12+00:00","description":"Der kundenspezifische Luftvorw\u00e4rmer verbessert die Prozessinstallation und reduziert den Energieverbrauch sowie die -kosten. Bei Geurts bauen wir rekuperative Lufterw\u00e4rmungssysteme.","breadcrumb":{"@id":"https:\/\/www.geurtsheatexchangers.com\/de\/products\/luftvorwarmer\/#breadcrumb"},"inLanguage":"de","potentialAction":[{"@type":"ReadAction","target":["https:\/\/www.geurtsheatexchangers.com\/de\/products\/luftvorwarmer\/"]}]},{"@type":"ImageObject","inLanguage":"de","@id":"https:\/\/www.geurtsheatexchangers.com\/de\/products\/luftvorwarmer\/#primaryimage","url":"https:\/\/www.geurtsheatexchangers.com\/wp-content\/uploads\/2018\/02\/tubular-heat-exchanger-toluene-evaporator.jpg","contentUrl":"https:\/\/www.geurtsheatexchangers.com\/wp-content\/uploads\/2018\/02\/tubular-heat-exchanger-toluene-evaporator.jpg","width":2362,"height":1575,"caption":"Rohrw\u00e4rmetauscher - Toluolverdampfer"},{"@type":"BreadcrumbList","@id":"https:\/\/www.geurtsheatexchangers.com\/de\/products\/luftvorwarmer\/#breadcrumb","itemListElement":[{"@type":"ListItem","position":1,"name":"Home","item":"https:\/\/www.geurtsheatexchangers.com\/de\/"},{"@type":"ListItem","position":2,"name":"Produkte","item":"https:\/\/www.geurtsheatexchangers.com\/de\/products\/"},{"@type":"ListItem","position":3,"name":"Luftvorw\u00e4rmer"}]},{"@type":"WebSite","@id":"https:\/\/www.geurtsheatexchangers.com\/fr\/#website","url":"https:\/\/www.geurtsheatexchangers.com\/fr\/","name":"Geurts Heat Exchangers","description":"Take control of your energy","publisher":{"@id":"https:\/\/www.geurtsheatexchangers.com\/fr\/#organization"},"potentialAction":[{"@type":"SearchAction","target":{"@type":"EntryPoint","urlTemplate":"https:\/\/www.geurtsheatexchangers.com\/fr\/?s={search_term_string}"},"query-input":{"@type":"PropertyValueSpecification","valueRequired":true,"valueName":"search_term_string"}}],"inLanguage":"de"},{"@type":"Organization","@id":"https:\/\/www.geurtsheatexchangers.com\/fr\/#organization","name":"Geurts Heatexchangers B.V.","url":"https:\/\/www.geurtsheatexchangers.com\/fr\/","logo":{"@type":"ImageObject","inLanguage":"de","@id":"https:\/\/www.geurtsheatexchangers.com\/fr\/#\/schema\/logo\/image\/","url":"https:\/\/www.geurtsheatexchangers.com\/wp-content\/uploads\/2020\/08\/Logo-geurts.png","contentUrl":"https:\/\/www.geurtsheatexchangers.com\/wp-content\/uploads\/2020\/08\/Logo-geurts.png","width":360,"height":263,"caption":"Geurts Heatexchangers B.V."},"image":{"@id":"https:\/\/www.geurtsheatexchangers.com\/fr\/#\/schema\/logo\/image\/"},"sameAs":["https:\/\/www.linkedin.com\/company\/geurts-heatexchange\/"]}]}},"_links":{"self":[{"href":"https:\/\/www.geurtsheatexchangers.com\/de\/wp-json\/wp\/v2\/pages\/18359","targetHints":{"allow":["GET"]}}],"collection":[{"href":"https:\/\/www.geurtsheatexchangers.com\/de\/wp-json\/wp\/v2\/pages"}],"about":[{"href":"https:\/\/www.geurtsheatexchangers.com\/de\/wp-json\/wp\/v2\/types\/page"}],"author":[{"embeddable":true,"href":"https:\/\/www.geurtsheatexchangers.com\/de\/wp-json\/wp\/v2\/users\/13"}],"replies":[{"embeddable":true,"href":"https:\/\/www.geurtsheatexchangers.com\/de\/wp-json\/wp\/v2\/comments?post=18359"}],"version-history":[{"count":6,"href":"https:\/\/www.geurtsheatexchangers.com\/de\/wp-json\/wp\/v2\/pages\/18359\/revisions"}],"predecessor-version":[{"id":18877,"href":"https:\/\/www.geurtsheatexchangers.com\/de\/wp-json\/wp\/v2\/pages\/18359\/revisions\/18877"}],"up":[{"embeddable":true,"href":"https:\/\/www.geurtsheatexchangers.com\/de\/wp-json\/wp\/v2\/pages\/18719"}],"wp:featuredmedia":[{"embeddable":true,"href":"https:\/\/www.geurtsheatexchangers.com\/de\/wp-json\/wp\/v2\/media\/1367"}],"wp:attachment":[{"href":"https:\/\/www.geurtsheatexchangers.com\/de\/wp-json\/wp\/v2\/media?parent=18359"}],"curies":[{"name":"wp","href":"https:\/\/api.w.org\/{rel}","templated":true}]}}