{"id":1050,"date":"2017-12-22T13:02:08","date_gmt":"2017-12-22T12:02:08","guid":{"rendered":"https:\/\/www.geurtsheatexchangers.com\/?page_id=1050"},"modified":"2025-07-24T11:07:32","modified_gmt":"2025-07-24T09:07:32","slug":"prozess","status":"publish","type":"page","link":"https:\/\/www.geurtsheatexchangers.com\/de\/prozess\/","title":{"rendered":"Prozess"},"content":{"rendered":"<div class=\"wpb-content-wrapper\">[vc_row element_id=&#8220;14758&#8243; css=&#8220;.vc_custom_1635234476692{margin-bottom: 35px !important;}&#8220;][vc_column width=&#8220;1\/2&#8243;][vc_column_text animation_delay=&#8220;0&#8243;]\n<h1>Prozess<\/h1>\n<h2><strong>Die Optionen zur R\u00fcckgewinnung industrieller Abw\u00e4rme sind endlos<\/strong><\/h2>\n<p>Eine industrielle W\u00e4rmer\u00fcckgewinnung ist in fast allen Prozessanlagen umsetzbar. Dank intelligenter Industrietechnik kann Abw\u00e4rme regeneriert und in einem anderen Teil Ihres Produktionsprozesses wiederverwendet werden. Neben der Reduzierung von Brennstoffverbrauch und Kosten ist dies eine wichtige Methode, um die Nachhaltigkeit zu verbessern und Treibhausgasemissionen zu senken.<\/p>\n<h3>Abw\u00e4rme wird in Energie umgewandelt<\/h3>\n<p>Ohne ein W\u00e4rme\u00fcbertragungssystem wird die erzeugte Abw\u00e4rme in die Umwelt \u201eentsorgt\u201c, wie dies z. B. w\u00e4hrend des Verbrennungs- oder Produktionsprozesses der Fall ist. Durch die Installation einer R\u00fcckgewinnungsanlage kann die W\u00e4rme in recycelte Energie verwandelt werden und Produktionseffizienz sowie wirtschaftliche und umwelttechnische Vorteile bieten.<\/p>\n<p>Geurts entwickelt, fertigt und liefert ein breites Spektrum an W\u00e4rmetausch- und W\u00e4rmer\u00fcckgewinnungsausr\u00fcstungen. Wir bieten ein Gesamtl\u00f6sungskonzept; von W\u00e4rmetechnik \u00fcber Maschinenbau, Projektmanagement, bis hin zur werkseigenen Produktion f\u00fcr die folgenden Prozesse:[\/vc_column_text]<span class=\"et-gap et-clearfix et-gap-952001\"><\/span>[\/vc_column][vc_column width=&#8220;1\/2&#8243;][vc_single_image image=&#8220;1367&#8243; img_size=&#8220;large&#8220;][\/vc_column][\/vc_row][vc_row element_id=&#8220;766624&#8243; css=&#8220;.vc_custom_1599049988421{margin-top: 35px !important;margin-bottom: 35px !important;}&#8220;][vc_column animation_delay=&#8220;0&#8243; element_id=&#8220;966043&#8243; crp=&#8220;480:i:i,480-768:i:i,768-1024:i:i,1024-1280:i:i,1280-1366:i:i,1366-1600:i:i,1600-1920:i:i&#8220;][vc_column_text animation_delay=&#8220;0&#8243; css=&#8220;&#8220;]\n<h2>Industrielle K\u00fchlung<\/h2>\n<p>W\u00e4rmetauscher werden in verschiedenen Industrien h\u00e4ufig als K\u00fchlausr\u00fcstung zum K\u00fchlen von Fl\u00fcssigkeiten eingesetzt. In vielen Anlagen werden Fl\u00fcssigkeiten mithilfe von W\u00e4rmetauschern mit folgenden Konzepten gek\u00fchlt:<\/p>\n<ul>\n<li>Luft-Fl\u00fcssigkeit-K\u00fchlung<\/li>\n<li>Fl\u00fcssigkeit-Luft-K\u00fchlung<\/li>\n<li>Fl\u00fcssigkeit-Fl\u00fcssigkeit-K\u00fchlung<\/li>\n<li>oder Luft-Luft-K\u00fchlung<\/li>\n<\/ul>\n<h4><strong>Beispielanwendung: Milchk\u00fchlung mit Wasser<\/strong><\/h4>\n<p>Durch die Kombination eines kompakten <span style=\"text-decoration: underline;\"><a href=\"https:\/\/www.geurtsheatexchangers.com\/de\/products\/spiralrohrwarmetauscher\/\">Spiralrohrw\u00e4rmetauschers<\/a><\/span> mit einem Melkroboter wird die Milch vorgek\u00fchlt, indem die Kuh Wasser trinkt, bevor sie dann in den Milchk\u00fchltank flie\u00dft. Folglich bietet der Gesamtk\u00fchlungsprozess einen reduzierten Energieverbrauch und demnach auch eine Energiekosteneinsparung.<\/p>\n<p>Andere typische Nutzungen unserer K\u00fchler in Industrieprozessen:<\/p>\n<ul>\n<li>K\u00fchlung von Rauchgas<\/li>\n<li>Hei\u00dfwasserk\u00fchlung<\/li>\n<li>Frostschutzmittelk\u00fchlung<\/li>\n<li>Biogasbehandlung (Gask\u00fchlungs-\/-trocknungsprozess)<\/li>\n<li>Gask\u00fchlung<\/li>\n<li>\u00d6lk\u00fchlung<\/li>\n<\/ul>\n<p>Weitere Informationen:<\/p>\n<ul>\n<li><span style=\"text-decoration: underline;\"><a href=\"https:\/\/www.geurtsheatexchangers.com\/de\/products\/spiralrohrwarmetauscher\/\">Spiralrohrw\u00e4rmetauscher<\/a><\/span><\/li>\n<li><span style=\"text-decoration: underline;\"><a href=\"https:\/\/www.geurtsheatexchangers.com\/de\/products\/biokraftstoff-warmetauscher\/\">Biokraftstoff-W\u00e4rmetauscher<\/a><\/span><\/li>\n<li><span style=\"text-decoration: underline;\"><a href=\"https:\/\/www.geurtsheatexchangers.com\/de\/products\/abgaswarmetauscher\/\">Rauchgas-W\u00e4rmetauscher<\/a><\/span><\/li>\n<li><span style=\"text-decoration: underline;\"><a href=\"https:\/\/www.geurtsheatexchangers.com\/de\/products\/waermetauscher-im-u-design\/\">W\u00e4rmetauscher im U-Rohrdesign<\/a><\/span><\/li>\n<\/ul>\n[\/vc_column_text]<span class=\"et-gap et-clearfix et-gap-952001\"><\/span>[\/vc_column][\/vc_row][vc_row element_id=&#8220;766624&#8243; css=&#8220;.vc_custom_1599049988421{margin-top: 35px !important;margin-bottom: 35px !important;}&#8220;][vc_column animation_delay=&#8220;0&#8243; element_id=&#8220;966043&#8243; crp=&#8220;480:i:i,480-768:i:i,768-1024:i:i,1024-1280:i:i,1280-1366:i:i,1366-1600:i:i,1600-1920:i:i&#8220;][vc_column_text animation_delay=&#8220;0&#8243; css=&#8220;&#8220;]\n<h2>Kondensation<\/h2>\n<p>Neben der K\u00fchlung werden W\u00e4rmetauscher genauso h\u00e4ufig als K\u00fchlger\u00e4t eingesetzt, in dem Dampf in Fl\u00fcssigkeiten umgewandelt werden, indem die latente W\u00e4rme mithilfe eines K\u00e4ltemittels wie Wasser oder einer anderen Fl\u00fcssigkeit entfernt wird.<\/p>\n<p>Mit einem Kondensationskessel wird die latente W\u00e4rme aus den Abgasen, die andernfalls \u00fcber den Rauch in die Atmosph\u00e4re entlassen werden w\u00fcrden, zum Beispiel zu fl\u00fcssigem Kondensat verdampft. Kondensationskessel bieten mindestens 90 % Effizienz, was bedeutet, dass sie 90 % des verbrauchten Brennstoffs in W\u00e4rme umwandeln \u2013 dies \u00fcbertrifft Kessel mit Standardeffizienz bei weitem.<\/p>\n<p>In vielen Industrieanlagen ist die Kondensation von Fl\u00fcssigkeiten erforderlich, um Verschmutzungen, Schadstoffe und Ger\u00fcche zu entfernen oder dampff\u00f6rmiges K\u00e4ltemittelgas in Fl\u00fcssigkeit umzuwandeln.<\/p>\n<h4><strong>Beispielanwendung: Biogasindustrie<\/strong><\/h4>\n<p>Biogase, die h\u00e4ufig in Blockheizkraftwerken (BHKW) oder Kraft-W\u00e4rme-Kopplungsanlagen (KWK-Anlagen) eingesetzt werden, m\u00fcssen nach einem bestimmten Standard f\u00fcr die Verbrennung gereinigt und aufgewertet werden. Dies gilt f\u00fcr Gase aus Fermentationsprozessen sowie Deponie- und Kl\u00e4rgas. Die K\u00fchlung von Biogas produziert ein verschmutzungsfreies Kondensat. Das erneute Erw\u00e4rmen des Kondensats erbringt eine Form von Biogas, die sich f\u00fcr BHKW oder KWK eignet.<\/p>\n<p>Weitere Informationen:<\/p>\n<ul>\n<li><span style=\"text-decoration: underline;\"><a href=\"https:\/\/www.geurtsheatexchangers.com\/de\/products\/spiralrohrwarmetauscher\/\">Spiralrohrw\u00e4rmetauscher<\/a><\/span><\/li>\n<li><span style=\"text-decoration: underline;\"><a href=\"https:\/\/www.geurtsheatexchangers.com\/de\/products\/biokraftstoff-warmetauscher\/\">Biokraftstoff-W\u00e4rmetauscher<\/a><\/span><\/li>\n<li><span style=\"text-decoration: underline;\"><a href=\"https:\/\/www.geurtsheatexchangers.com\/de\/products\/rohrwarmetauscher\/\">R\u00f6hrw\u00e4rmetauscher<\/a><\/span><\/li>\n<li><span style=\"text-decoration: underline;\"><a href=\"https:\/\/www.geurtsheatexchangers.com\/de\/products\/abgaswarmetauscher\/\">Abgasw\u00e4rmetauscher<\/a><\/span><\/li>\n<li><span style=\"text-decoration: underline;\"><a href=\"https:\/\/www.geurtsheatexchangers.com\/de\/products\/waermetauscher-im-u-design\/\">W\u00e4rmetauscher im U-Design<\/a><\/span><\/li>\n<\/ul>\n[\/vc_column_text]<span class=\"et-gap et-clearfix et-gap-952001\"><\/span>[\/vc_column][\/vc_row][vc_row element_id=&#8220;766624&#8243; css=&#8220;.vc_custom_1599049988421{margin-top: 35px !important;margin-bottom: 35px !important;}&#8220;][vc_column animation_delay=&#8220;0&#8243; element_id=&#8220;966043&#8243; crp=&#8220;480:i:i,480-768:i:i,768-1024:i:i,1024-1280:i:i,1280-1366:i:i,1366-1600:i:i,1600-1920:i:i&#8220;][vc_column_text animation_delay=&#8220;0&#8243; css=&#8220;&#8220;]\n<h2>Industrieheizung<\/h2>\n<p>Industriekessel, Trockenkammern, \u00d6fen und Hoch\u00f6fen erzeugen hei\u00dfe Rauchgase die bis zu einem gewissen Umfang sch\u00e4dlich f\u00fcr die Umwelt sind. Geurts entwickelte innovative Arten, um diese Abw\u00e4rme r\u00fcckzugewinnen. Die Investition in einen der vielen unterschiedlichen W\u00e4rmetauscher verbessert die Effizienz und Produktivit\u00e4t von Produktionsprozessen, verwandelt Abw\u00e4rme in Kosteneinsparungen und reduziert den Einfluss auf die Umwelt.<\/p>\n<p>In vielen industriellen Produktionsanlagen m\u00fcssen Fl\u00fcssigkeiten, Gase oder auch Feststoffe erw\u00e4rmt oder vorgew\u00e4rmt werden. Das Erw\u00e4rmen und Vorw\u00e4rmen von Wasser, W\u00e4rmetr\u00e4ger\u00f6l, Glykol, Roh\u00f6l, Gas und Luft f\u00fcr die Verbrennung sowie das erneute Erw\u00e4rmen von Biogas und die Produktion von Dampf erfolgen allgemein \u00fcber einen W\u00e4rmetauscher.<\/p>\n<h4><strong>Beispielanwendung: Erdgasindustrie<\/strong><\/h4>\n<p>In vielen Erdgasverarbeitungssystemen ist der Transport von unter Druck stehendem Gas ein wichtiges Element. Unter Ber\u00fccksichtigung, dass der Joule-Thomson-Effekt (beim Reduzieren des Drucks f\u00e4llt auch die Gastemperatur ab) in den Verteilungsnetzwerken Qualit\u00e4tsprobleme f\u00fcr den Betrieb und das Material bereitet, stellt das Vorw\u00e4rmen des Erdgases vor der Druckreduzierung eine ideale L\u00f6sung dar. F\u00fcr diese Anwendung liefert Geurts W\u00e4rmetauscher, die Dampf oder Hei\u00dfwasser als W\u00e4rmetr\u00e4gerfl\u00fcssigkeit verwenden.<\/p>\n<h4><strong>Beispielanwendung: Geruchsreduzierungssysteme<\/strong><\/h4>\n<p>Die Anwendung von W\u00e4rmetauschern auf den Kondensationsprozess in der Agrarwirtschaft f\u00fchrt zu einer teilweisen Aufl\u00f6sung l\u00f6slicher Schadstoffe. Zus\u00e4tzlich zur R\u00fcckgewinnung von Energie kann eine Geruchswirkungsreduzierung von 30 &#8211; 85 % erreicht werden.<\/p>\n<p>Weitere Informationen:<\/p>\n<ul>\n<li><span style=\"text-decoration: underline;\"><a href=\"https:\/\/www.geurtsheatexchangers.com\/de\/products\/plattenwaermetauscher\/\">Plattenw\u00e4rmetauscher<\/a><\/span><\/li>\n<li><span style=\"text-decoration: underline;\"><a href=\"https:\/\/www.geurtsheatexchangers.com\/de\/products\/rohrwarmetauscher\/\">R\u00f6hrw\u00e4rmetauscher<\/a><\/span><\/li>\n<li><span style=\"text-decoration: underline;\"><a href=\"https:\/\/www.geurtsheatexchangers.com\/de\/products\/waermetauscher-im-u-design\/\">W\u00e4rmetauscher im U-design<\/a><\/span><\/li>\n<\/ul>\n[\/vc_column_text]<span class=\"et-gap et-clearfix et-gap-952001\"><\/span>[\/vc_column][\/vc_row][vc_row element_id=&#8220;410800&#8243; css=&#8220;.vc_custom_1597649825216{margin-top: 35px !important;margin-bottom: 35px !important;}&#8220;][vc_column animation_delay=&#8220;0&#8243; element_id=&#8220;966043&#8243; crp=&#8220;480:i:i,480-768:i:i,768-1024:i:i,1024-1280:i:i,1280-1366:i:i,1366-1600:i:i,1600-1920:i:i&#8220;][vc_column_text animation_delay=&#8220;0&#8243; css=&#8220;&#8220;]\n<h2>Verdampfer<\/h2>\n<p>Verdampfer ist ein \u00dcberbegriff f\u00fcr Ausr\u00fcstungen, die Fl\u00fcssigkeiten in Dampf umwandeln, um die Luft zu befeuchten (mithilfe von fl\u00fcssigem Wasser) oder eine Prozessfl\u00fcssigkeit in einen Prozessdampf zu konvertieren.<\/p>\n<p>Verdampfer werden f\u00fcr zwei grundlegende Zwecke eingesetzt: zur Erzeugung von Dampf oder zur \u00dcbertragung von W\u00e4rme. \u00c4hnlich zu Industriekesseln wandeln Verdampfer W\u00e4rme in Energie um, dies geschieht aber bei niedrigeren Temperaturen und Dr\u00fccken.<\/p>\n<p>Um eine Verdampfung zu bewirken nutzt das Verdampfer-W\u00e4rme\u00fcbertragungsger\u00e4t latente W\u00e4rme aus einem Teil Ihres Produktionsprozesses wie beispielsweise einem Kessel. Die W\u00e4rmezufuhr kann durch eine hei\u00dfe Fl\u00fcssigkeit oder Verbrennungsprodukte bewirkt werden.<\/p>\n<p>In ein paar spezifischen Anwendungen (wie beispielsweise einem K\u00fchlkreislauf) wird der Begriff Verdampfer ebenfalls verwendet, um die W\u00e4rme\u00fcbertragungsausr\u00fcstung zu beschreiben, die das kalte und fl\u00fcssige K\u00e4ltemittel mithilfe von W\u00e4rme\u00fcbertragung aus einer hei\u00dfen Prozessfl\u00fcssigkeit verdampft.<\/p>\n<h4><strong>Beispielanwendung: ORC-Anlage<\/strong><\/h4>\n<p>Verdampfer werden h\u00e4ufig in ORC-Anlagen bei niedrigeren Temperaturen und Dr\u00fccken verwendet. Die Betriebsfl\u00fcssigkeit wird bis zum Siedepunkt erhitzt, verdampft und \u00fcberhitzt. Eine ORC-Anlage mit Verdampfer regeneriert die Rauchgasw\u00e4rme und liefert einen Energie\u00fcberschuss.<\/p>\n<p>Weitere Informationen:<\/p>\n<ul>\n<li><span style=\"text-decoration: underline;\"><a href=\"https:\/\/www.geurtsheatexchangers.com\/de\/products\/rohrwarmetauscher\/\">R\u00f6hrw\u00e4rmetauscher<\/a><\/span><\/li>\n<li><span style=\"text-decoration: underline;\"><a href=\"https:\/\/www.geurtsheatexchangers.com\/de\/products\/waermetauscher-im-u-design\/\">W\u00e4rmetauscher im U-Rohrdesign<\/a><\/span><\/li>\n<\/ul>\n<h3>Qualitativ hochwertige Werkstoffe und Standards<\/h3>\n<p>Eine optimale W\u00e4rme\u00fcbertragung oder W\u00e4rmeregeneration in den verschiedenen Prozessen bedeutet die Auswahl des ultimativen Designs und von qualitativ hochwertigen Werkstoffen in Abh\u00e4ngigkeit der Art und der Menge der Fl\u00fcssigkeit sowie der Anwendung. Bei Geurts beliefern wir unsere Kunden seit mehr als 20 Jahren mit verschiedenen Designs an W\u00e4rmetauscherarten. Wir bauen unsere Designs nach den folgenden Codes:<\/p>\n<ul>\n<li>PED<\/li>\n<li>AD-Merkbl\u00e4tter<\/li>\n<li>ASME (einschlie\u00dflich U-Stamp)<\/li>\n<li>TEMA<\/li>\n<li>Spezifische Vorschriften der benannten Stellen DNV, GL, LR, ABS<\/li>\n<\/ul>\n<p>Wir haben noch viele andere L\u00f6sungen und Referenzen, die wir mit Ihnen teilen m\u00f6chten. Bitte z\u00f6gern Sie nicht, uns f\u00fcr weitere Informationen zu <span style=\"text-decoration: underline;\"><a href=\"https:\/\/www.geurtsheatexchangers.com\/de\/kontakt\/\">kontaktieren<\/a><\/span><strong>.<\/strong>[\/vc_column_text][\/vc_column][\/vc_row]\n<\/div>","protected":false},"excerpt":{"rendered":"<p>[vc_row element_id=&#8220;14758&#8243; css=&#8220;.vc_custom_1635234476692{margin-bottom: 35px !important;}&#8220;][vc_column width=&#8220;1\/2&#8243;][vc_column_text animation_delay=&#8220;0&#8243;] Prozess Die Optionen zur R\u00fcckgewinnung industrieller Abw\u00e4rme sind endlos Eine industrielle W\u00e4rmer\u00fcckgewinnung ist in fast allen Prozessanlagen umsetzbar. Dank intelligenter Industrietechnik kann Abw\u00e4rme regeneriert und in einem anderen Teil Ihres Produktionsprozesses wiederverwendet werden. Neben der Reduzierung von Brennstoffverbrauch und Kosten ist dies eine wichtige Methode, um die Nachhaltigkeit [&hellip;]<\/p>\n","protected":false},"author":9,"featured_media":0,"parent":0,"menu_order":0,"comment_status":"closed","ping_status":"closed","template":"","meta":{"_acf_changed":false,"inline_featured_image":false,"footnotes":""},"class_list":["post-1050","page","type-page","status-publish","hentry"],"acf":[],"yoast_head":"<!-- This site is optimized with the Yoast SEO plugin v27.5 - https:\/\/yoast.com\/product\/yoast-seo-wordpress\/ -->\n<title>Prozess - Geurts Heat Exchangers<\/title>\n<meta name=\"description\" content=\"Der Prozess der W\u00e4rmer\u00fcckgewinnung und W\u00e4rme\u00fcbertragung: industrielle K\u00fchlung, Kondensation, industrielle Erw\u00e4rmung und Verdampfung.\" \/>\n<meta name=\"robots\" content=\"index, follow, max-snippet:-1, max-image-preview:large, max-video-preview:-1\" \/>\n<link rel=\"canonical\" href=\"https:\/\/www.geurtsheatexchangers.com\/de\/prozess\/\" \/>\n<meta property=\"og:locale\" content=\"de_DE\" \/>\n<meta property=\"og:type\" content=\"article\" \/>\n<meta property=\"og:title\" content=\"Prozess - Geurts Heat Exchangers\" \/>\n<meta property=\"og:description\" content=\"Der Prozess der W\u00e4rmer\u00fcckgewinnung und W\u00e4rme\u00fcbertragung: industrielle K\u00fchlung, Kondensation, industrielle Erw\u00e4rmung und Verdampfung.\" \/>\n<meta property=\"og:url\" content=\"https:\/\/www.geurtsheatexchangers.com\/de\/prozess\/\" \/>\n<meta property=\"og:site_name\" content=\"Geurts Heat Exchangers\" \/>\n<meta property=\"article:modified_time\" content=\"2025-07-24T09:07:32+00:00\" \/>\n<meta name=\"twitter:card\" content=\"summary_large_image\" \/>\n<meta name=\"twitter:label1\" content=\"Gesch\u00e4tzte Lesezeit\" \/>\n\t<meta name=\"twitter:data1\" content=\"5\u00a0Minuten\" \/>\n<script type=\"application\/ld+json\" class=\"yoast-schema-graph\">{\"@context\":\"https:\\\/\\\/schema.org\",\"@graph\":[{\"@type\":\"WebPage\",\"@id\":\"https:\\\/\\\/www.geurtsheatexchangers.com\\\/de\\\/prozess\\\/\",\"url\":\"https:\\\/\\\/www.geurtsheatexchangers.com\\\/de\\\/prozess\\\/\",\"name\":\"Prozess - Geurts Heat Exchangers\",\"isPartOf\":{\"@id\":\"https:\\\/\\\/www.geurtsheatexchangers.com\\\/fr\\\/#website\"},\"datePublished\":\"2017-12-22T12:02:08+00:00\",\"dateModified\":\"2025-07-24T09:07:32+00:00\",\"description\":\"Der Prozess der W\u00e4rmer\u00fcckgewinnung und W\u00e4rme\u00fcbertragung: industrielle K\u00fchlung, Kondensation, industrielle Erw\u00e4rmung und Verdampfung.\",\"breadcrumb\":{\"@id\":\"https:\\\/\\\/www.geurtsheatexchangers.com\\\/de\\\/prozess\\\/#breadcrumb\"},\"inLanguage\":\"de\",\"potentialAction\":[{\"@type\":\"ReadAction\",\"target\":[\"https:\\\/\\\/www.geurtsheatexchangers.com\\\/de\\\/prozess\\\/\"]}]},{\"@type\":\"BreadcrumbList\",\"@id\":\"https:\\\/\\\/www.geurtsheatexchangers.com\\\/de\\\/prozess\\\/#breadcrumb\",\"itemListElement\":[{\"@type\":\"ListItem\",\"position\":1,\"name\":\"Home\",\"item\":\"https:\\\/\\\/www.geurtsheatexchangers.com\\\/de\\\/\"},{\"@type\":\"ListItem\",\"position\":2,\"name\":\"Prozess\"}]},{\"@type\":\"WebSite\",\"@id\":\"https:\\\/\\\/www.geurtsheatexchangers.com\\\/fr\\\/#website\",\"url\":\"https:\\\/\\\/www.geurtsheatexchangers.com\\\/fr\\\/\",\"name\":\"Geurts Heat Exchangers\",\"description\":\"Take control of your energy\",\"publisher\":{\"@id\":\"https:\\\/\\\/www.geurtsheatexchangers.com\\\/fr\\\/#organization\"},\"potentialAction\":[{\"@type\":\"SearchAction\",\"target\":{\"@type\":\"EntryPoint\",\"urlTemplate\":\"https:\\\/\\\/www.geurtsheatexchangers.com\\\/fr\\\/?s={search_term_string}\"},\"query-input\":{\"@type\":\"PropertyValueSpecification\",\"valueRequired\":true,\"valueName\":\"search_term_string\"}}],\"inLanguage\":\"de\"},{\"@type\":\"Organization\",\"@id\":\"https:\\\/\\\/www.geurtsheatexchangers.com\\\/fr\\\/#organization\",\"name\":\"Geurts Heatexchangers B.V.\",\"url\":\"https:\\\/\\\/www.geurtsheatexchangers.com\\\/fr\\\/\",\"logo\":{\"@type\":\"ImageObject\",\"inLanguage\":\"de\",\"@id\":\"https:\\\/\\\/www.geurtsheatexchangers.com\\\/fr\\\/#\\\/schema\\\/logo\\\/image\\\/\",\"url\":\"https:\\\/\\\/www.geurtsheatexchangers.com\\\/wp-content\\\/uploads\\\/2020\\\/08\\\/Logo-geurts.png\",\"contentUrl\":\"https:\\\/\\\/www.geurtsheatexchangers.com\\\/wp-content\\\/uploads\\\/2020\\\/08\\\/Logo-geurts.png\",\"width\":360,\"height\":263,\"caption\":\"Geurts Heatexchangers B.V.\"},\"image\":{\"@id\":\"https:\\\/\\\/www.geurtsheatexchangers.com\\\/fr\\\/#\\\/schema\\\/logo\\\/image\\\/\"},\"sameAs\":[\"https:\\\/\\\/www.linkedin.com\\\/company\\\/geurts-heatexchange\\\/\"]}]}<\/script>\n<!-- \/ Yoast SEO plugin. -->","yoast_head_json":{"title":"Prozess - Geurts Heat Exchangers","description":"Der Prozess der W\u00e4rmer\u00fcckgewinnung und W\u00e4rme\u00fcbertragung: industrielle K\u00fchlung, Kondensation, industrielle Erw\u00e4rmung und Verdampfung.","robots":{"index":"index","follow":"follow","max-snippet":"max-snippet:-1","max-image-preview":"max-image-preview:large","max-video-preview":"max-video-preview:-1"},"canonical":"https:\/\/www.geurtsheatexchangers.com\/de\/prozess\/","og_locale":"de_DE","og_type":"article","og_title":"Prozess - Geurts Heat Exchangers","og_description":"Der Prozess der W\u00e4rmer\u00fcckgewinnung und W\u00e4rme\u00fcbertragung: industrielle K\u00fchlung, Kondensation, industrielle Erw\u00e4rmung und Verdampfung.","og_url":"https:\/\/www.geurtsheatexchangers.com\/de\/prozess\/","og_site_name":"Geurts Heat Exchangers","article_modified_time":"2025-07-24T09:07:32+00:00","twitter_card":"summary_large_image","twitter_misc":{"Gesch\u00e4tzte Lesezeit":"5\u00a0Minuten"},"schema":{"@context":"https:\/\/schema.org","@graph":[{"@type":"WebPage","@id":"https:\/\/www.geurtsheatexchangers.com\/de\/prozess\/","url":"https:\/\/www.geurtsheatexchangers.com\/de\/prozess\/","name":"Prozess - Geurts Heat Exchangers","isPartOf":{"@id":"https:\/\/www.geurtsheatexchangers.com\/fr\/#website"},"datePublished":"2017-12-22T12:02:08+00:00","dateModified":"2025-07-24T09:07:32+00:00","description":"Der Prozess der W\u00e4rmer\u00fcckgewinnung und W\u00e4rme\u00fcbertragung: industrielle K\u00fchlung, Kondensation, industrielle Erw\u00e4rmung und Verdampfung.","breadcrumb":{"@id":"https:\/\/www.geurtsheatexchangers.com\/de\/prozess\/#breadcrumb"},"inLanguage":"de","potentialAction":[{"@type":"ReadAction","target":["https:\/\/www.geurtsheatexchangers.com\/de\/prozess\/"]}]},{"@type":"BreadcrumbList","@id":"https:\/\/www.geurtsheatexchangers.com\/de\/prozess\/#breadcrumb","itemListElement":[{"@type":"ListItem","position":1,"name":"Home","item":"https:\/\/www.geurtsheatexchangers.com\/de\/"},{"@type":"ListItem","position":2,"name":"Prozess"}]},{"@type":"WebSite","@id":"https:\/\/www.geurtsheatexchangers.com\/fr\/#website","url":"https:\/\/www.geurtsheatexchangers.com\/fr\/","name":"Geurts Heat Exchangers","description":"Take control of your energy","publisher":{"@id":"https:\/\/www.geurtsheatexchangers.com\/fr\/#organization"},"potentialAction":[{"@type":"SearchAction","target":{"@type":"EntryPoint","urlTemplate":"https:\/\/www.geurtsheatexchangers.com\/fr\/?s={search_term_string}"},"query-input":{"@type":"PropertyValueSpecification","valueRequired":true,"valueName":"search_term_string"}}],"inLanguage":"de"},{"@type":"Organization","@id":"https:\/\/www.geurtsheatexchangers.com\/fr\/#organization","name":"Geurts Heatexchangers B.V.","url":"https:\/\/www.geurtsheatexchangers.com\/fr\/","logo":{"@type":"ImageObject","inLanguage":"de","@id":"https:\/\/www.geurtsheatexchangers.com\/fr\/#\/schema\/logo\/image\/","url":"https:\/\/www.geurtsheatexchangers.com\/wp-content\/uploads\/2020\/08\/Logo-geurts.png","contentUrl":"https:\/\/www.geurtsheatexchangers.com\/wp-content\/uploads\/2020\/08\/Logo-geurts.png","width":360,"height":263,"caption":"Geurts Heatexchangers B.V."},"image":{"@id":"https:\/\/www.geurtsheatexchangers.com\/fr\/#\/schema\/logo\/image\/"},"sameAs":["https:\/\/www.linkedin.com\/company\/geurts-heatexchange\/"]}]}},"_links":{"self":[{"href":"https:\/\/www.geurtsheatexchangers.com\/de\/wp-json\/wp\/v2\/pages\/1050","targetHints":{"allow":["GET"]}}],"collection":[{"href":"https:\/\/www.geurtsheatexchangers.com\/de\/wp-json\/wp\/v2\/pages"}],"about":[{"href":"https:\/\/www.geurtsheatexchangers.com\/de\/wp-json\/wp\/v2\/types\/page"}],"author":[{"embeddable":true,"href":"https:\/\/www.geurtsheatexchangers.com\/de\/wp-json\/wp\/v2\/users\/9"}],"replies":[{"embeddable":true,"href":"https:\/\/www.geurtsheatexchangers.com\/de\/wp-json\/wp\/v2\/comments?post=1050"}],"version-history":[{"count":12,"href":"https:\/\/www.geurtsheatexchangers.com\/de\/wp-json\/wp\/v2\/pages\/1050\/revisions"}],"predecessor-version":[{"id":20436,"href":"https:\/\/www.geurtsheatexchangers.com\/de\/wp-json\/wp\/v2\/pages\/1050\/revisions\/20436"}],"wp:attachment":[{"href":"https:\/\/www.geurtsheatexchangers.com\/de\/wp-json\/wp\/v2\/media?parent=1050"}],"curies":[{"name":"wp","href":"https:\/\/api.w.org\/{rel}","templated":true}]}}